{"id":122,"date":"2015-11-30T18:58:55","date_gmt":"2015-11-30T18:58:55","guid":{"rendered":"http:\/\/www.iuibs.ulpgc.es\/biopharm\/?page_id=122"},"modified":"2015-12-02T12:47:12","modified_gmt":"2015-12-02T12:47:12","slug":"lab-farmagx","status":"publish","type":"page","link":"https:\/\/www.iuibs.ulpgc.es\/web-grupos\/biopharm\/lab-farmagx\/","title":{"rendered":"Lab microarrays ADN"},"content":{"rendered":"<h2>AN\u00c1LISIS GEN\u00d3MICOS APLICADOS: I+D+i de\u00a0mol\u00e9culas bioactivas<\/h2>\r\n<ul>\r\n\t<li>\r\n<h3><span style=\"color: #0000ff\">Purificaci\u00f3n de RNA (sangre\/tejidos s\u00f3lidos)<\/span><\/h3>\r\n<\/li>\r\n\t<li>\r\n<h3><span style=\"color: #0000ff\">An\u00e1lisis calidad de RNA &#8211; Experium (BioRad)<\/span><\/h3>\r\n<\/li>\r\n\t<li>\r\n<h3><span style=\"color: #0000ff\">S\u00edntesis de cDNA<\/span><\/h3>\r\n<\/li>\r\n\t<li>\r\n<h3><span style=\"color: #0000ff\">Dise\u00f1os experimentos DNA microarrays<\/span><\/h3>\r\n<\/li>\r\n\t<li>\r\n<h3><span style=\"color: #0000ff\">An\u00e1lisis experimentos DNA microarryas expresi\u00f3n g\u00e9nica (Plataforma Agilent)<\/span><\/h3>\r\n<\/li>\r\n\t<li>\r\n<h3><span style=\"color: #0000ff\">An\u00e1lisis Bioinform\u00e1tico (expresi\u00f3n diferencial, GO, KEEG, PCA, redes de se\u00f1alizaci\u00f3n)<\/span><\/h3>\r\n<\/li>\r\n\t<li>\r\n<h3><span style=\"color: #0000ff\">An\u00e1lisis de expresi\u00f3n g\u00e9nica confirmatorios (RTPCR ABI7000)<\/span><\/h3>\r\n<\/li>\r\n<\/ul>","protected":false},"excerpt":{"rendered":"<p>AN\u00c1LISIS GEN\u00d3MICOS APLICADOS: I+D+i de\u00a0mol\u00e9culas bioactivas Purificaci\u00f3n de RNA (sangre\/tejidos s\u00f3lidos) An\u00e1lisis calidad de RNA &#8211; Experium (BioRad) S\u00edntesis de [&hellip;]<\/p>\n","protected":false},"author":3,"featured_media":0,"parent":0,"menu_order":0,"comment_status":"open","ping_status":"open","template":"","meta":{"footnotes":""},"_links":{"self":[{"href":"https:\/\/www.iuibs.ulpgc.es\/web-grupos\/biopharm\/wp-json\/wp\/v2\/pages\/122"}],"collection":[{"href":"https:\/\/www.iuibs.ulpgc.es\/web-grupos\/biopharm\/wp-json\/wp\/v2\/pages"}],"about":[{"href":"https:\/\/www.iuibs.ulpgc.es\/web-grupos\/biopharm\/wp-json\/wp\/v2\/types\/page"}],"author":[{"embeddable":true,"href":"https:\/\/www.iuibs.ulpgc.es\/web-grupos\/biopharm\/wp-json\/wp\/v2\/users\/3"}],"replies":[{"embeddable":true,"href":"https:\/\/www.iuibs.ulpgc.es\/web-grupos\/biopharm\/wp-json\/wp\/v2\/comments?post=122"}],"version-history":[{"count":10,"href":"https:\/\/www.iuibs.ulpgc.es\/web-grupos\/biopharm\/wp-json\/wp\/v2\/pages\/122\/revisions"}],"predecessor-version":[{"id":194,"href":"https:\/\/www.iuibs.ulpgc.es\/web-grupos\/biopharm\/wp-json\/wp\/v2\/pages\/122\/revisions\/194"}],"wp:attachment":[{"href":"https:\/\/www.iuibs.ulpgc.es\/web-grupos\/biopharm\/wp-json\/wp\/v2\/media?parent=122"}],"curies":[{"name":"wp","href":"https:\/\/api.w.org\/{rel}","templated":true}]}}