{"id":31,"date":"2015-03-23T17:44:04","date_gmt":"2015-03-23T17:44:04","guid":{"rendered":"http:\/\/www.iuibs.ulpgc.es\/biopharm\/?page_id=31"},"modified":"2015-12-01T11:40:46","modified_gmt":"2015-12-01T11:40:46","slug":"equipo","status":"publish","type":"page","link":"https:\/\/www.iuibs.ulpgc.es\/web-grupos\/biopharm\/equipo\/","title":{"rendered":"El equipo"},"content":{"rendered":"<div class='row row-personal'><div class=\"col-sm-3\"><div class='x-personal-col'>\n  <div class='x-personal-img'><img width=\"100\" height=\"100\" src=\"https:\/\/www.iuibs.ulpgc.es\/web-grupos\/biopharm\/wp-content\/uploads\/sites\/4\/2015\/03\/Foto-Leandro-e1427132418513-150x150.jpg\" class=\"img wp-post-image\" alt=\"\" decoding=\"async\" \/><\/div>\n  <div class='x-personal-txt'>\n    <h3><a href=\"https:\/\/www.iuibs.ulpgc.es\/web-grupos\/biopharm\/?p=29\" title=\"Ir a Leandro Fern\u00e1ndez P\u00e9rez\" >Leandro Fern\u00e1ndez P\u00e9rez<\/a><\/h3>\n    <p>Profesor Titular de Farmacolog\u00eda \r\nCoordinador Grupo de Investigaci\u00f3n BioPharm-ULPGC<\/p>\n    <div class='text-right'>\n      <a style=\"font-size:12px;\" href=\"https:\/\/www.iuibs.ulpgc.es\/web-grupos\/biopharm\/?p=29\" title=\"M\u00e1s sobre Leandro Fern\u00e1ndez P\u00e9rez\" >[+]<\/a>\n    <\/div>\n  <\/div>\n<\/div>\n<!--pre><\/pre-->\n<\/div><div class=\"col-sm-3\"><div class='x-personal-col'>\n  <div class='x-personal-img'><img src='https:\/\/www.iuibs.ulpgc.es\/web-grupos\/biopharm\/wp-content\/themes\/jaira-biopharm\/img\/personal-no-logo.jpg' alt='sin foto' style='width:100px;' \/><\/div>\n  <div class='x-personal-txt'>\n    <h3><a href=\"https:\/\/www.iuibs.ulpgc.es\/web-grupos\/biopharm\/?p=97\" title=\"Ir a Juan Carlos D\u00edaz Chico\" >Juan Carlos D\u00edaz Chico<\/a><\/h3>\n    <p>Catedr\u00e1tico de Bioqu\u00edmica-Biolog\u00eda Molecular y Celular<\/p>\n    <div class='text-right'>\n      <a style=\"font-size:12px;\" href=\"https:\/\/www.iuibs.ulpgc.es\/web-grupos\/biopharm\/?p=97\" title=\"M\u00e1s sobre Juan Carlos D\u00edaz Chico\" >[+]<\/a>\n    <\/div>\n  <\/div>\n<\/div>\n<!--pre><\/pre-->\n<\/div><div class=\"col-sm-3\"><div class='x-personal-col'>\n  <div class='x-personal-img'><img width=\"100\" height=\"100\" src=\"https:\/\/www.iuibs.ulpgc.es\/web-grupos\/biopharm\/wp-content\/uploads\/sites\/4\/2015\/03\/FotoBorja-150x150.jpg\" class=\"img wp-post-image\" alt=\"\" decoding=\"async\" \/><\/div>\n  <div class='x-personal-txt'>\n    <h3><a href=\"https:\/\/www.iuibs.ulpgc.es\/web-grupos\/biopharm\/?p=33\" title=\"Ir a Carlos Borja Guerra\" >Carlos Borja Guerra<\/a><\/h3>\n    <p>Profesor Ayudante Doctor en Farmacolog\u00eda<\/p>\n    <div class='text-right'>\n      <a style=\"font-size:12px;\" href=\"https:\/\/www.iuibs.ulpgc.es\/web-grupos\/biopharm\/?p=33\" title=\"M\u00e1s sobre Carlos Borja Guerra\" >[+]<\/a>\n    <\/div>\n  <\/div>\n<\/div>\n<!--pre><\/pre-->\n<\/div><div class=\"col-sm-3\"><div class='x-personal-col'>\n  <div class='x-personal-img'><img src='https:\/\/www.iuibs.ulpgc.es\/web-grupos\/biopharm\/wp-content\/themes\/jaira-biopharm\/img\/personal-no-logo.jpg' alt='sin foto' style='width:100px;' \/><\/div>\n  <div class='x-personal-txt'>\n    <h3><a href=\"https:\/\/www.iuibs.ulpgc.es\/web-grupos\/biopharm\/?p=110\" title=\"Ir a Nicol\u00e1s D\u00edaz Chico\" >Nicol\u00e1s D\u00edaz Chico<\/a><\/h3>\n    <p>Catedr\u00e1tico de Fisiolog\u00eda<\/p>\n    <div class='text-right'>\n      <a style=\"font-size:12px;\" href=\"https:\/\/www.iuibs.ulpgc.es\/web-grupos\/biopharm\/?p=110\" title=\"M\u00e1s sobre Nicol\u00e1s D\u00edaz Chico\" >[+]<\/a>\n    <\/div>\n  <\/div>\n<\/div>\n<!--pre><\/pre-->\n<\/div><\/div><div class='row row-personal'><div class=\"col-sm-3\"><div class='x-personal-col'>\n  <div class='x-personal-img'><img src='https:\/\/www.iuibs.ulpgc.es\/web-grupos\/biopharm\/wp-content\/themes\/jaira-biopharm\/img\/personal-no-logo.jpg' alt='sin foto' style='width:100px;' \/><\/div>\n  <div class='x-personal-txt'>\n    <h3><a href=\"https:\/\/www.iuibs.ulpgc.es\/web-grupos\/biopharm\/?p=105\" title=\"Ir a Juan Jos\u00e9 Cabrera Galv\u00e1n\" >Juan Jos\u00e9 Cabrera Galv\u00e1n<\/a><\/h3>\n    <p>Catedr\u00e1tico de Anatom\u00eda Patol\u00f3gica<\/p>\n    <div class='text-right'>\n      <a style=\"font-size:12px;\" href=\"https:\/\/www.iuibs.ulpgc.es\/web-grupos\/biopharm\/?p=105\" title=\"M\u00e1s sobre Juan Jos\u00e9 Cabrera Galv\u00e1n\" >[+]<\/a>\n    <\/div>\n  <\/div>\n<\/div>\n<!--pre><\/pre-->\n<\/div><div class=\"col-sm-3\"><div class='x-personal-col'>\n  <div class='x-personal-img'><img width=\"100\" height=\"100\" src=\"https:\/\/www.iuibs.ulpgc.es\/web-grupos\/biopharm\/wp-content\/uploads\/sites\/4\/2015\/11\/Foto-Norber-150x150.jpg\" class=\"img wp-post-image\" alt=\"\" decoding=\"async\" \/><\/div>\n  <div class='x-personal-txt'>\n    <h3><a href=\"https:\/\/www.iuibs.ulpgc.es\/web-grupos\/biopharm\/?p=107\" title=\"Ir a Norberto Santana Rodr\u00edguez\" >Norberto Santana Rodr\u00edguez<\/a><\/h3>\n    <p>M\u00e9dico especialista en Cirug\u00eda Tor\u00e1cica\r\nInvestigador Unidad de Investigaci\u00f3n Hospitalaria <\/p>\n    <div class='text-right'>\n      <a style=\"font-size:12px;\" href=\"https:\/\/www.iuibs.ulpgc.es\/web-grupos\/biopharm\/?p=107\" title=\"M\u00e1s sobre Norberto Santana Rodr\u00edguez\" >[+]<\/a>\n    <\/div>\n  <\/div>\n<\/div>\n<!--pre><\/pre-->\n<\/div><div class=\"col-sm-3\"><div class='x-personal-col'>\n  <div class='x-personal-img'><img src='https:\/\/www.iuibs.ulpgc.es\/web-grupos\/biopharm\/wp-content\/themes\/jaira-biopharm\/img\/personal-no-logo.jpg' alt='sin foto' style='width:100px;' \/><\/div>\n  <div class='x-personal-txt'>\n    <h3><a href=\"https:\/\/www.iuibs.ulpgc.es\/web-grupos\/biopharm\/?p=114\" title=\"Ir a Elisa de los Reyes Bord\u00f3n Rodr\u00edguez\" >Elisa de los Reyes Bord\u00f3n Rodr\u00edguez<\/a><\/h3>\n    <p>Doctora en Ciencias Biol\u00f3gicas\r\nProfesora Asociada de Farmacolog\u00eda en ULPGC<\/p>\n    <div class='text-right'>\n      <a style=\"font-size:12px;\" href=\"https:\/\/www.iuibs.ulpgc.es\/web-grupos\/biopharm\/?p=114\" title=\"M\u00e1s sobre Elisa de los Reyes Bord\u00f3n Rodr\u00edguez\" >[+]<\/a>\n    <\/div>\n  <\/div>\n<\/div>\n<!--pre><\/pre-->\n<\/div><div class=\"col-sm-3\"><div class='x-personal-col'>\n  <div class='x-personal-img'><img src='https:\/\/www.iuibs.ulpgc.es\/web-grupos\/biopharm\/wp-content\/themes\/jaira-biopharm\/img\/personal-no-logo.jpg' alt='sin foto' style='width:100px;' \/><\/div>\n  <div class='x-personal-txt'>\n    <h3><a href=\"https:\/\/www.iuibs.ulpgc.es\/web-grupos\/biopharm\/?p=108\" title=\"Ir a Jos\u00e9 Manuel Garc\u00eda Castellano\" >Jos\u00e9 Manuel Garc\u00eda Castellano<\/a><\/h3>\n    <p>Medico especialista Traumatolog\u00eda\r\nInvestigador Unidad de Investigaci\u00f3n Hospitalaria\r\nDocente en Farmacolog\u00eda Humana<\/p>\n    <div class='text-right'>\n      <a style=\"font-size:12px;\" href=\"https:\/\/www.iuibs.ulpgc.es\/web-grupos\/biopharm\/?p=108\" title=\"M\u00e1s sobre Jos\u00e9 Manuel Garc\u00eda Castellano\" >[+]<\/a>\n    <\/div>\n  <\/div>\n<\/div>\n<!--pre><\/pre-->\n<\/div><\/div><div class='row row-personal'><div class=\"col-sm-3\"><div class='x-personal-col'>\n  <div class='x-personal-img'><img src='https:\/\/www.iuibs.ulpgc.es\/web-grupos\/biopharm\/wp-content\/themes\/jaira-biopharm\/img\/personal-no-logo.jpg' alt='sin foto' style='width:100px;' \/><\/div>\n  <div class='x-personal-txt'>\n    <h3><a href=\"https:\/\/www.iuibs.ulpgc.es\/web-grupos\/biopharm\/?p=104\" title=\"Ir a Patricia Mart\u00edn Rodr\u00edguez\" >Patricia Mart\u00edn Rodr\u00edguez<\/a><\/h3>\n    <p>Licenciada en Ciencias Biol\u00f3gicas\r\nContratado Predoctoral ULPGC<\/p>\n    <div class='text-right'>\n      <a style=\"font-size:12px;\" href=\"https:\/\/www.iuibs.ulpgc.es\/web-grupos\/biopharm\/?p=104\" title=\"M\u00e1s sobre Patricia Mart\u00edn Rodr\u00edguez\" >[+]<\/a>\n    <\/div>\n  <\/div>\n<\/div>\n<!--pre><\/pre-->\n<\/div><div class=\"col-sm-3\"><div class='x-personal-col'>\n  <div class='x-personal-img'><img src='https:\/\/www.iuibs.ulpgc.es\/web-grupos\/biopharm\/wp-content\/themes\/jaira-biopharm\/img\/personal-no-logo.jpg' alt='sin foto' style='width:100px;' \/><\/div>\n  <div class='x-personal-txt'>\n    <h3><a href=\"https:\/\/www.iuibs.ulpgc.es\/web-grupos\/biopharm\/?p=109\" title=\"Ir a Laura Rodrigo Gonz\u00e1lez\" >Laura Rodrigo Gonz\u00e1lez<\/a><\/h3>\n    <p>T\u00e9cnico de apoyo a la investigaci\u00f3n ULPGC<\/p>\n    <div class='text-right'>\n      <a style=\"font-size:12px;\" href=\"https:\/\/www.iuibs.ulpgc.es\/web-grupos\/biopharm\/?p=109\" title=\"M\u00e1s sobre Laura Rodrigo Gonz\u00e1lez\" >[+]<\/a>\n    <\/div>\n  <\/div>\n<\/div>\n<!--pre><\/pre-->\n<\/div><div class=\"col-sm-3\"><div class='x-personal-col'>\n  <div class='x-personal-img'><img src='https:\/\/www.iuibs.ulpgc.es\/web-grupos\/biopharm\/wp-content\/themes\/jaira-biopharm\/img\/personal-no-logo.jpg' alt='sin foto' style='width:100px;' \/><\/div>\n  <div class='x-personal-txt'>\n    <h3><a href=\"https:\/\/www.iuibs.ulpgc.es\/web-grupos\/biopharm\/?p=141\" title=\"Ir a Mercedes de Mirecki Garrido\" >Mercedes de Mirecki Garrido<\/a><\/h3>\n    <p>Investigadora Postdoctoral en Bourgogne Universit\u00e9 (Dijon, Francia)<\/p>\n    <div class='text-right'>\n      <a style=\"font-size:12px;\" href=\"https:\/\/www.iuibs.ulpgc.es\/web-grupos\/biopharm\/?p=141\" title=\"M\u00e1s sobre Mercedes de Mirecki Garrido\" >[+]<\/a>\n    <\/div>\n  <\/div>\n<\/div>\n<!--pre><\/pre-->\n<\/div><div class=\"col-sm-3\"><div class='x-personal-col'>\n  <div class='x-personal-img'><img src='https:\/\/www.iuibs.ulpgc.es\/web-grupos\/biopharm\/wp-content\/themes\/jaira-biopharm\/img\/personal-no-logo.jpg' alt='sin foto' style='width:100px;' \/><\/div>\n  <div class='x-personal-txt'>\n    <h3><a href=\"https:\/\/www.iuibs.ulpgc.es\/web-grupos\/biopharm\/?p=195\" title=\"Ir a Haid\u00e9e Aranda Tav\u00edo\" >Haid\u00e9e Aranda Tav\u00edo<\/a><\/h3>\n    <p>Licenciada en Biolog\u00eda T\u00e9cnico de apoyo a la investigaci\u00f3n IUIBS<\/p>\n    <div class='text-right'>\n      <a style=\"font-size:12px;\" href=\"https:\/\/www.iuibs.ulpgc.es\/web-grupos\/biopharm\/?p=195\" title=\"M\u00e1s sobre Haid\u00e9e Aranda Tav\u00edo\" >[+]<\/a>\n    <\/div>\n  <\/div>\n<\/div>\n<!--pre><\/pre-->\n<\/div><\/div>","protected":false},"excerpt":{"rendered":"","protected":false},"author":1,"featured_media":0,"parent":0,"menu_order":0,"comment_status":"open","ping_status":"open","template":"page-home-4col.php","meta":{"footnotes":""},"_links":{"self":[{"href":"https:\/\/www.iuibs.ulpgc.es\/web-grupos\/biopharm\/wp-json\/wp\/v2\/pages\/31"}],"collection":[{"href":"https:\/\/www.iuibs.ulpgc.es\/web-grupos\/biopharm\/wp-json\/wp\/v2\/pages"}],"about":[{"href":"https:\/\/www.iuibs.ulpgc.es\/web-grupos\/biopharm\/wp-json\/wp\/v2\/types\/page"}],"author":[{"embeddable":true,"href":"https:\/\/www.iuibs.ulpgc.es\/web-grupos\/biopharm\/wp-json\/wp\/v2\/users\/1"}],"replies":[{"embeddable":true,"href":"https:\/\/www.iuibs.ulpgc.es\/web-grupos\/biopharm\/wp-json\/wp\/v2\/comments?post=31"}],"version-history":[{"count":7,"href":"https:\/\/www.iuibs.ulpgc.es\/web-grupos\/biopharm\/wp-json\/wp\/v2\/pages\/31\/revisions"}],"predecessor-version":[{"id":142,"href":"https:\/\/www.iuibs.ulpgc.es\/web-grupos\/biopharm\/wp-json\/wp\/v2\/pages\/31\/revisions\/142"}],"wp:attachment":[{"href":"https:\/\/www.iuibs.ulpgc.es\/web-grupos\/biopharm\/wp-json\/wp\/v2\/media?parent=31"}],"curies":[{"name":"wp","href":"https:\/\/api.w.org\/{rel}","templated":true}]}}