{"id":6,"date":"2015-02-04T06:16:54","date_gmt":"2015-02-04T06:16:54","guid":{"rendered":"http:\/endocrinologia\/?page_id=6"},"modified":"2021-07-29T08:40:17","modified_gmt":"2021-07-29T08:40:17","slug":"inicio","status":"publish","type":"page","link":"https:\/\/www.iuibs.ulpgc.es\/web-grupos\/endocrinologia\/","title":{"rendered":"Home"},"content":{"rendered":"<h3 class=\"widget-title\" style=\"text-align: left\"><a href=\"http:\/\/www.iuibs.ulpgc.es\/endocrinologia\/wp-content\/uploads\/sites\/5\/2015\/02\/diabetes.png\"><img decoding=\"async\" loading=\"lazy\" class=\"wp-image-74 alignleft\" src=\"http:\/\/www.iuibs.ulpgc.es\/endocrinologia\/wp-content\/uploads\/sites\/5\/2015\/02\/diabetes-300x300.png\" alt=\"logotipo diabetes\" width=\"236\" height=\"236\" srcset=\"https:\/\/www.iuibs.ulpgc.es\/web-grupos\/endocrinologia\/wp-content\/uploads\/sites\/5\/2015\/02\/diabetes-300x300.png 300w, https:\/\/www.iuibs.ulpgc.es\/web-grupos\/endocrinologia\/wp-content\/uploads\/sites\/5\/2015\/02\/diabetes-150x150.png 150w, https:\/\/www.iuibs.ulpgc.es\/web-grupos\/endocrinologia\/wp-content\/uploads\/sites\/5\/2015\/02\/diabetes.png 1024w\" sizes=\"(max-width: 236px) 100vw, 236px\" \/><\/a>Diabetes y Endocrinolog\u00eda Aplicada<\/h3>\n<h4 style=\"background: white;margin: 18pt 0cm 0cm;text-align: left\"><span style=\"font-family: 'Open Sans', sans-serif;color: #808080\">Nuestro grupo\u00a0surge con la misi\u00f3n de mejorar la calidad de vida de las personas\u00a0con diabetes y otras enfermedades endocrinol\u00f3gicas en nuestro entorno.<\/span><\/h4>\n<p style=\"text-align: justify;background: white;margin: 18.0pt 0cm 0cm 0cm\"><strong><span style=\"font-size: 14.0pt;font-family: 'Open Sans',sans-serif;color: gray;font-weight: normal\">Trabajamos para comprender mejor por qu\u00e9 se producen la diabetes y sus complicaciones. Evaluamos distintas intervenciones, farmacol\u00f3gicas, educativas y tecnol\u00f3gicas valorando adem\u00e1s\u00a0la calidad de vida e\u00a0implementando estrategias para mejorarla. Identificamos nuevos tratamientos a partir de productos naturales locales. Trabajamos para caracterizar la hipercolesterolemia familiar en nuestra isla. Acercamos fronteras entre la\u00a0endocrinolog\u00eda humana y la veterinaria, mediante la endocrinolog\u00eda comparada, trasladando conocimiento entre ambas.<\/span><\/strong><b><\/b><\/p>\n<p style=\"text-align: justify;background: white;font-size: 1.125rem;line-height: 2rem;margin: 18.0pt 0cm 0cm 0cm\"><strong><span style=\"font-size: 14.0pt;font-family: 'Open Sans',sans-serif;color: gray;font-weight: normal\">La excelencia, el rigor, la equidad y la cooperaci\u00f3n son los valores que nos mueven.<\/span><\/strong><b><\/b><\/p>\n<p style=\"text-align: justify;background: white;font-size: 1.125rem;line-height: 2rem;margin: 18.0pt 0cm 0cm 0cm\"><strong><span style=\"font-size: 14.0pt;font-family: 'Open Sans',sans-serif;color: gray;font-weight: normal\">Somos un equipo multidisciplinar, cl\u00ednico-experimental, que colabora con otros grupos locales, nacionales e\u00a0internacionales, as\u00ed como con asociaciones de pacientes y empresas.<\/span><\/strong><b><\/b><\/p>\n\n\n<p><\/p>\n","protected":false},"excerpt":{"rendered":"<p>Diabetes y Endocrinolog\u00eda Aplicada Nuestro grupo\u00a0surge con la misi\u00f3n de mejorar la calidad de vida de las personas\u00a0con diabetes y [&hellip;]<\/p>\n","protected":false},"author":1,"featured_media":0,"parent":0,"menu_order":0,"comment_status":"open","ping_status":"open","template":"page-home-4col.php","meta":{"footnotes":""},"_links":{"self":[{"href":"https:\/\/www.iuibs.ulpgc.es\/web-grupos\/endocrinologia\/wp-json\/wp\/v2\/pages\/6"}],"collection":[{"href":"https:\/\/www.iuibs.ulpgc.es\/web-grupos\/endocrinologia\/wp-json\/wp\/v2\/pages"}],"about":[{"href":"https:\/\/www.iuibs.ulpgc.es\/web-grupos\/endocrinologia\/wp-json\/wp\/v2\/types\/page"}],"author":[{"embeddable":true,"href":"https:\/\/www.iuibs.ulpgc.es\/web-grupos\/endocrinologia\/wp-json\/wp\/v2\/users\/1"}],"replies":[{"embeddable":true,"href":"https:\/\/www.iuibs.ulpgc.es\/web-grupos\/endocrinologia\/wp-json\/wp\/v2\/comments?post=6"}],"version-history":[{"count":23,"href":"https:\/\/www.iuibs.ulpgc.es\/web-grupos\/endocrinologia\/wp-json\/wp\/v2\/pages\/6\/revisions"}],"predecessor-version":[{"id":479,"href":"https:\/\/www.iuibs.ulpgc.es\/web-grupos\/endocrinologia\/wp-json\/wp\/v2\/pages\/6\/revisions\/479"}],"wp:attachment":[{"href":"https:\/\/www.iuibs.ulpgc.es\/web-grupos\/endocrinologia\/wp-json\/wp\/v2\/media?parent=6"}],"curies":[{"name":"wp","href":"https:\/\/api.w.org\/{rel}","templated":true}]}}