{"id":1050,"date":"2014-07-14T10:11:01","date_gmt":"2014-07-14T10:11:01","guid":{"rendered":"http:\/\/www.iuibs.ulpgc.es\/nutricion\/?page_id=1050"},"modified":"2014-07-28T17:44:59","modified_gmt":"2014-07-28T17:44:59","slug":"formacion","status":"publish","type":"page","link":"https:\/\/www.iuibs.ulpgc.es\/web-grupos\/nutricion\/formacion\/","title":{"rendered":"Formaci\u00f3n"},"content":{"rendered":"<h1 style=\"color: #525e66;\"><\/h1>\r\n&nbsp;\r\n<table class=\"table table-striped table-bordered\" style=\"height: 265px; width: 100%;\">\r\n<thead>\r\n<tr>\r\n<th style='text-align:center;vertical-align:middle;'>Titulaci\u00f3n<\/th>\r\n<th style='text-align:center;vertical-align:middle;'>Modalidad<\/th>\r\n<th style='text-align:center;vertical-align:middle;'>Fechas impartici\u00f3n<\/th>\r\n<\/tr>\r\n<\/thead>\r\n<tbody>\r\n<tr>\r\n<td><strong><span style=\"color: #ff9900;\"><em><a href=\"http:\/\/www.sepexpal.org\/2013\/10\/23\/maestria-universitaria-en-lactancia-materna\/\">Maestr\u00eda Universitaria en Lactancia Materna. ULPGC.<\/a>\r\n<\/em><\/span><\/strong><\/td>\r\n<td>\u00a0\u00a0\u00a0 Semi-presencial<\/td>\r\n<td>14\/10\/2013 &#8211; 30\/11\/2014<\/td>\r\n<\/tr>\r\n<tr>\r\n<td><strong><em><span style=\"color: #339966;\"><a href=\"https:\/\/www.ulpgc.es\/index.php?pagina=estudios_postgrado&amp;ver=detalle&amp;codigo=298\">II Experto Universitario en Nutrici\u00f3n Comunitaria aplicada a la Cooperaci\u00f3n Internacional-Public Health Nutrition. ULPGC.<\/a>\r\n<\/span><\/em><\/strong><\/td>\r\n<td>\u00a0\u00a0 On line<\/td>\r\n<td>28\/10\/2013 &#8211; 20\/07\/2014<\/td>\r\n<\/tr>\r\n<tr>\r\n<td><span style=\"color: #ff9900;\"><em><a href=\"http:\/\/www.emagister.cl\/ulpgc-departamento-ciencias-clinicas-cursos-59344-centrodetalles.htm\">I<\/a><strong><a href=\"http:\/\/www.emagister.cl\/ulpgc-departamento-ciencias-clinicas-cursos-59344-centrodetalles.htm\">II Experto Universitario en Obesidad. ULPGC.<\/a>\r\n<\/strong><\/em><\/span><\/td>\r\n<td>\u00a0\u00a0 On line<\/td>\r\n<td>2013-2014<\/td>\r\n<\/tr>\r\n<\/tbody>\r\n<\/table>\r\n<h1 style=\"color: #525e66;\"><\/h1>","protected":false},"excerpt":{"rendered":"<p>&nbsp; Titulaci\u00f3n Modalidad Fechas impartici\u00f3n Maestr\u00eda Universitaria en Lactancia Materna. ULPGC. \u00a0\u00a0\u00a0 Semi-presencial 14\/10\/2013 &#8211; 30\/11\/2014 II Experto Universitario en [&hellip;]<\/p>\n","protected":false},"author":2,"featured_media":0,"parent":0,"menu_order":0,"comment_status":"open","ping_status":"open","template":"","meta":{"footnotes":""},"_links":{"self":[{"href":"https:\/\/www.iuibs.ulpgc.es\/web-grupos\/nutricion\/wp-json\/wp\/v2\/pages\/1050"}],"collection":[{"href":"https:\/\/www.iuibs.ulpgc.es\/web-grupos\/nutricion\/wp-json\/wp\/v2\/pages"}],"about":[{"href":"https:\/\/www.iuibs.ulpgc.es\/web-grupos\/nutricion\/wp-json\/wp\/v2\/types\/page"}],"author":[{"embeddable":true,"href":"https:\/\/www.iuibs.ulpgc.es\/web-grupos\/nutricion\/wp-json\/wp\/v2\/users\/2"}],"replies":[{"embeddable":true,"href":"https:\/\/www.iuibs.ulpgc.es\/web-grupos\/nutricion\/wp-json\/wp\/v2\/comments?post=1050"}],"version-history":[{"count":36,"href":"https:\/\/www.iuibs.ulpgc.es\/web-grupos\/nutricion\/wp-json\/wp\/v2\/pages\/1050\/revisions"}],"predecessor-version":[{"id":1912,"href":"https:\/\/www.iuibs.ulpgc.es\/web-grupos\/nutricion\/wp-json\/wp\/v2\/pages\/1050\/revisions\/1912"}],"wp:attachment":[{"href":"https:\/\/www.iuibs.ulpgc.es\/web-grupos\/nutricion\/wp-json\/wp\/v2\/media?parent=1050"}],"curies":[{"name":"wp","href":"https:\/\/api.w.org\/{rel}","templated":true}]}}