{"id":2,"date":"2014-05-04T11:55:34","date_gmt":"2014-05-04T11:55:34","guid":{"rendered":"http:\/\/www.iuibs.ulpgc.es\/nutricion\/?page_id=2"},"modified":"2015-01-19T14:12:16","modified_gmt":"2015-01-19T14:12:16","slug":"investigacion","status":"publish","type":"page","link":"https:\/\/www.iuibs.ulpgc.es\/web-grupos\/nutricion\/investigacion\/","title":{"rendered":"Lineas de investigaci\u00f3n"},"content":{"rendered":"<div class=\"jra-research-lines\"><ul><li class=\"page_item page-item-858 page_item_has_children\"><a href=\"https:\/\/www.iuibs.ulpgc.es\/web-grupos\/nutricion\/linea-investigacion\/estudio-de-los-beneficios-de-la-dieta-mediterranea\/\">Estudio de los beneficios de la Dieta Mediterr\u00e1nea<\/a>\n<ul class='children'>\n\t<li class=\"page_item page-item-859\"><a href=\"https:\/\/www.iuibs.ulpgc.es\/web-grupos\/nutricion\/linea-investigacion\/estudio-de-los-beneficios-de-la-dieta-mediterranea\/enfermedad-cardiovascular\/\">Enfermedad Cardiovascular<\/a>\t<li class=\"page_item page-item-860\"><a href=\"https:\/\/www.iuibs.ulpgc.es\/web-grupos\/nutricion\/linea-investigacion\/estudio-de-los-beneficios-de-la-dieta-mediterranea\/depresion\/\">Depresi\u00f3n<\/a>\t<li class=\"page_item page-item-861\"><a href=\"https:\/\/www.iuibs.ulpgc.es\/web-grupos\/nutricion\/linea-investigacion\/estudio-de-los-beneficios-de-la-dieta-mediterranea\/calidad-de-vida\/\">Calidad de vida<\/a>\t<li class=\"page_item page-item-862\"><a href=\"https:\/\/www.iuibs.ulpgc.es\/web-grupos\/nutricion\/linea-investigacion\/estudio-de-los-beneficios-de-la-dieta-mediterranea\/obesidad-abdominal\/\">Obesidad abdominal<\/a>\t<li class=\"page_item page-item-863\"><a href=\"https:\/\/www.iuibs.ulpgc.es\/web-grupos\/nutricion\/linea-investigacion\/estudio-de-los-beneficios-de-la-dieta-mediterranea\/embarazo-y-desarrollo-intrauterino\/\">Embarazo y desarrollo intrauterino<\/a><\/ul>\n<p class='excerpt'>[Proyectos Nacionales: PREDIMED; Cohorte SUN, CIBER OBN]<\/p><li class=\"page_item page-item-864\"><a href=\"https:\/\/www.iuibs.ulpgc.es\/web-grupos\/nutricion\/linea-investigacion\/estudios-sobre-el-consumo-de-alimentos-y-nutrientes-y-estado-nutricional-en-distintos-colectivos\/\">Estudios sobre el consumo de alimentos y nutrientes y estado nutricional, en distintos colectivos<\/a><p class='excerpt'>[Proyectos Europeos: EURRECA; ENHR-II; BENERIS; EURALIM]<\/p><li class=\"page_item page-item-865\"><a href=\"https:\/\/www.iuibs.ulpgc.es\/web-grupos\/nutricion\/linea-investigacion\/valoraciones-antropometricas-sobre-composicion-corporal-y-actividad-fisica-en-el-estudio-de-la-obesidad-y-sus-determinates\/\">Valoraciones antropom\u00e9tricas sobre composici\u00f3n corporal y actividad f\u00edsica en el estudio de la obesidad y sus determinates<\/a><p class='excerpt'>[Proyectos: ENKID; Relaci\u00f3n entre el consumo moderado de cerveza, calidad nutricional de la dieta y tipo de h\u00e1bitos]<\/p><li class=\"page_item page-item-866\"><a href=\"https:\/\/www.iuibs.ulpgc.es\/web-grupos\/nutricion\/linea-investigacion\/papel-de-los-acidos-omega-3-y-el-consumo-de-pescado-en-la-prevision-de-enfermedades\/\">Papel de los \u00e1cidos omega 3 y el consumo de pescado en la prevenci\u00f3n de enfermedades<\/a><p class='excerpt'>[Proyectos en colaboraci\u00f3n con la industria: PULEVA]<\/p><li class=\"page_item page-item-867\"><a href=\"https:\/\/www.iuibs.ulpgc.es\/web-grupos\/nutricion\/linea-investigacion\/consumo-de-suplementos-a-base-de-plantas-y-alimentos-funcionales-tipo-probioticos\/\">Consumo de suplementos a base de plantas y alimentos funcionales tipo probi\u00f3ticos<\/a><p class='excerpt'>[Proyecto Europeo: PLANTLIBRA]<\/p><li class=\"page_item page-item-868\"><a href=\"https:\/\/www.iuibs.ulpgc.es\/web-grupos\/nutricion\/linea-investigacion\/hidratacion-y-salud-2\/\">Hidrataci\u00f3n y salud<\/a><p class='excerpt'>[Situaci\u00f3n en Europa; Biomarcadores; Hidrataci\u00f3n en procesos cognitivos]<\/p><\/ul><\/div>","protected":false},"excerpt":{"rendered":"","protected":false},"author":1,"featured_media":0,"parent":0,"menu_order":10,"comment_status":"closed","ping_status":"closed","template":"","meta":{"footnotes":""},"_links":{"self":[{"href":"https:\/\/www.iuibs.ulpgc.es\/web-grupos\/nutricion\/wp-json\/wp\/v2\/pages\/2"}],"collection":[{"href":"https:\/\/www.iuibs.ulpgc.es\/web-grupos\/nutricion\/wp-json\/wp\/v2\/pages"}],"about":[{"href":"https:\/\/www.iuibs.ulpgc.es\/web-grupos\/nutricion\/wp-json\/wp\/v2\/types\/page"}],"author":[{"embeddable":true,"href":"https:\/\/www.iuibs.ulpgc.es\/web-grupos\/nutricion\/wp-json\/wp\/v2\/users\/1"}],"replies":[{"embeddable":true,"href":"https:\/\/www.iuibs.ulpgc.es\/web-grupos\/nutricion\/wp-json\/wp\/v2\/comments?post=2"}],"version-history":[{"count":23,"href":"https:\/\/www.iuibs.ulpgc.es\/web-grupos\/nutricion\/wp-json\/wp\/v2\/pages\/2\/revisions"}],"predecessor-version":[{"id":2027,"href":"https:\/\/www.iuibs.ulpgc.es\/web-grupos\/nutricion\/wp-json\/wp\/v2\/pages\/2\/revisions\/2027"}],"wp:attachment":[{"href":"https:\/\/www.iuibs.ulpgc.es\/web-grupos\/nutricion\/wp-json\/wp\/v2\/media?parent=2"}],"curies":[{"name":"wp","href":"https:\/\/api.w.org\/{rel}","templated":true}]}}