{"id":112,"date":"2016-12-01T13:22:29","date_gmt":"2016-12-01T13:22:29","guid":{"rendered":"http:\/\/www.iuibs.ulpgc.es\/?page_id=112"},"modified":"2020-04-03T17:11:09","modified_gmt":"2020-04-03T17:11:09","slug":"iuibs","status":"publish","type":"page","link":"https:\/\/www.iuibs.ulpgc.es\/web-grupos\/","title":{"rendered":"iUIBS"},"content":{"rendered":"\n<p>El <strong>Instituto Universitario de Investigaciones Biom\u00e9dicas y Sanitarias (iUIBS)<\/strong> es el centro de investigaci\u00f3n de la <a href=\"http:\/\/ulpgc.es\" target=\"_blank\" rel=\"noreferrer noopener\">Universidad de Las Palmas de Gran Canaria<\/a> en el \u00e1rea <strong>biom\u00e9dica<\/strong>, <strong>biotecnol\u00f3gica<\/strong>, <strong>hospitalaria<\/strong> y <strong>socio-sanitaria<\/strong>. En \u00e9l se concentran grupos de investigaci\u00f3n universitarios, grupos de investigaci\u00f3n hospitalarios, unidades de investigaci\u00f3n de centros p\u00fablicos e investigadores colaboradores.<\/p>\n\n\n\n<p>El iUIBS pretende crear las mejores condiciones para el desarrollo, la atracci\u00f3n y la ejecuci\u00f3n de I+D+i aplicada en sanidad y ofertar servicios tecnol\u00f3gicos de intensivos en conocimiento que puedan aportar valor para la mejora de la salud de la poblaci\u00f3n a trav\u00e9s de novedosas t\u00e9cnicas de tratamiento y la prevenci\u00f3n de la enfermedad. Adem\u00e1s, persigue consolidar el elevado nivel cient\u00edfico e investigador de las \u00e1reas biom\u00e9dicas y sanitarias de Canarias para alcanzar la excelencia, la sinergia y la convergencia con otros grupos, universidades, hospitales o empresas del sector.<\/p>\n\n\n\n<hr class=\"wp-block-separator\"\/>\n\n\n\n<h2 class=\"wp-block-heading\">&nbsp;<strong>Misi\u00f3n<\/strong><\/h2>\n\n\n\n<div class=\"wp-block-columns is-layout-flex wp-container-3 wp-block-columns-is-layout-flex\">\n<div class=\"wp-block-column is-layout-flow wp-block-column-is-layout-flow\" style=\"flex-basis:66.66%\">\n<p>Potenciar e integrar la investigaci\u00f3n biom\u00e9dica y sanitaria con el fin de mejorar la salud de la poblaci\u00f3n y potenciar el crecimiento del conocimiento en las \u00e1reas implicadas, con generaci\u00f3n de recursos econ\u00f3micos, sanitarios y medioambientales para la regi\u00f3n con una clara proyecci\u00f3n internacional.<\/p>\n<\/div>\n\n\n\n<div class=\"wp-block-column is-layout-flow wp-block-column-is-layout-flow\" style=\"flex-basis:33.33%\">\n<figure class=\"wp-block-image size-large\"><img decoding=\"async\" loading=\"lazy\" width=\"960\" height=\"640\" src=\"https:\/\/www.iuibs.ulpgc.es\/wp-content\/uploads\/2016\/12\/mision.jpg\" alt=\"mision\" class=\"wp-image-445\" srcset=\"https:\/\/www.iuibs.ulpgc.es\/web-grupos\/wp-content\/uploads\/2016\/12\/mision.jpg 960w, https:\/\/www.iuibs.ulpgc.es\/web-grupos\/wp-content\/uploads\/2016\/12\/mision-300x200.jpg 300w, https:\/\/www.iuibs.ulpgc.es\/web-grupos\/wp-content\/uploads\/2016\/12\/mision-768x512.jpg 768w, https:\/\/www.iuibs.ulpgc.es\/web-grupos\/wp-content\/uploads\/2016\/12\/mision-330x220.jpg 330w, https:\/\/www.iuibs.ulpgc.es\/web-grupos\/wp-content\/uploads\/2016\/12\/mision-272x182.jpg 272w\" sizes=\"(max-width: 960px) 100vw, 960px\" \/><\/figure>\n<\/div>\n<\/div>\n\n\n\n<hr class=\"wp-block-separator\"\/>\n\n\n\n<h2 class=\"wp-block-heading\"><strong>Visi\u00f3n<\/strong><\/h2>\n\n\n\n<div class=\"wp-block-columns is-layout-flex wp-container-6 wp-block-columns-is-layout-flex\">\n<div class=\"wp-block-column is-layout-flow wp-block-column-is-layout-flow\" style=\"flex-basis:33.33%\">\n<figure class=\"wp-block-image size-large\"><img decoding=\"async\" loading=\"lazy\" width=\"960\" height=\"640\" src=\"https:\/\/www.iuibs.ulpgc.es\/wp-content\/uploads\/2016\/12\/vision.jpg\" alt=\"vision\" class=\"wp-image-447\" srcset=\"https:\/\/www.iuibs.ulpgc.es\/web-grupos\/wp-content\/uploads\/2016\/12\/vision.jpg 960w, https:\/\/www.iuibs.ulpgc.es\/web-grupos\/wp-content\/uploads\/2016\/12\/vision-300x200.jpg 300w, https:\/\/www.iuibs.ulpgc.es\/web-grupos\/wp-content\/uploads\/2016\/12\/vision-768x512.jpg 768w, https:\/\/www.iuibs.ulpgc.es\/web-grupos\/wp-content\/uploads\/2016\/12\/vision-330x220.jpg 330w, https:\/\/www.iuibs.ulpgc.es\/web-grupos\/wp-content\/uploads\/2016\/12\/vision-272x182.jpg 272w\" sizes=\"(max-width: 960px) 100vw, 960px\" \/><\/figure>\n<\/div>\n\n\n\n<div class=\"wp-block-column is-layout-flow wp-block-column-is-layout-flow\" style=\"flex-basis:66.66%\">\n<p>Con el paciente y la sociedad como foco, el Instituto se propone el desarrollo de I+D+i, con vocaci\u00f3n de aplicaci\u00f3n y prestaci\u00f3n de servicios a la administraci\u00f3n sanitaria, la industria, la cl\u00ednica y la academia. El Instituto pretende contar adem\u00e1s con infraestructuras de apoyo al sector empresarial mediante la aspiraci\u00f3n de un futuro centro de empresas donde podr\u00e1n alojarse entidades ya asentadas en Canarias o externas con intenci\u00f3n de hacerlo, as\u00ed como un \u00e1rea de incubaci\u00f3n para la potenciaci\u00f3n de la emprendedur\u00eda y la generaci\u00f3n de nuevas empresas de base tecnol\u00f3gica y spin-off.<\/p>\n\n\n<\/div>\n<\/div>\n\n\n\n<hr class=\"wp-block-separator\"\/>\n\n\n\n<h2 class=\"wp-block-heading\"><strong>Objetivos<\/strong><\/h2>\n\n\n\n<div class=\"wp-block-columns is-layout-flex wp-container-9 wp-block-columns-is-layout-flex\">\n<div class=\"wp-block-column is-layout-flow wp-block-column-is-layout-flow\" style=\"flex-basis:66.66%\">\n<ul><li>Realizar investigaciones de calidad y generar y difundir el conocimiento cient\u00edfico sobre la salud y la enfermedad y su contexto, integr\u00e1ndose en redes de excelencia biom\u00e9dicas y sanitarias de car\u00e1cter nacional e internacional.<\/li><li>Capacitar a los profesionales de las ciencias de la salud para la investigaci\u00f3n biom\u00e9dica y sanitaria, para participar y dirigir proyectos de investigaci\u00f3n, innovaci\u00f3n y desarrollo<\/li><li>Integrar la innovaci\u00f3n y el desarrollo sostenible de las ciencias m\u00e9dicas en el contexto del sistema sanitario.<\/li><li>Aplicar los conocimientos en la transferencia de tecnolog\u00eda biom\u00e9dica y sanitaria a proyectos semilla y empresas especializadas.<\/li><li>&nbsp;Informar, concienciar, educar y formar a los profesionales y a la poblaci\u00f3n sobre la importancia de la investigaci\u00f3n en el desarrollo y progreso de la medicina, las ciencias biol\u00f3gicas, la biotecnolog\u00eda y la salud p\u00fablica.<\/li><li>Incorporar la investigaci\u00f3n biom\u00e9dica y sanitaria a la cooperaci\u00f3n para el desarrollo.<\/li><li>Mejorar la docencia y calidad asistencial en los centros sanitarios de la provincia.<\/li><li>Participar en Redes y Estructuras Nacionales e Internacionales de Investigaci\u00f3n.<\/li><\/ul>\n<\/div>\n\n\n\n<div class=\"wp-block-column is-layout-flow wp-block-column-is-layout-flow\" style=\"flex-basis:33.33%\">\n<div class=\"wp-block-jetpack-slideshow aligncenter\" data-effect=\"slide\"><div class=\"wp-block-jetpack-slideshow_container swiper-container\"><ul class=\"wp-block-jetpack-slideshow_swiper-wrapper swiper-wrapper\"><li class=\"wp-block-jetpack-slideshow_slide swiper-slide\"><figure><img decoding=\"async\" loading=\"lazy\" width=\"192\" height=\"128\" alt=\"\" class=\"wp-block-jetpack-slideshow_image wp-image-763\" data-id=\"763\" src=\"https:\/\/www.iuibs.ulpgc.es\/wp-content\/uploads\/2016\/12\/objetivos8-192x128.jpg\"\/><\/figure><\/li><li class=\"wp-block-jetpack-slideshow_slide swiper-slide\"><figure><img decoding=\"async\" loading=\"lazy\" width=\"192\" height=\"128\" alt=\"\" class=\"wp-block-jetpack-slideshow_image wp-image-762\" data-id=\"762\" src=\"https:\/\/www.iuibs.ulpgc.es\/wp-content\/uploads\/2016\/12\/objetivos7-192x128.jpg\"\/><\/figure><\/li><li class=\"wp-block-jetpack-slideshow_slide swiper-slide\"><figure><img decoding=\"async\" loading=\"lazy\" width=\"192\" height=\"128\" alt=\"\" class=\"wp-block-jetpack-slideshow_image wp-image-761\" data-id=\"761\" src=\"https:\/\/www.iuibs.ulpgc.es\/wp-content\/uploads\/2016\/12\/objetivos6-192x128.jpg\"\/><\/figure><\/li><li class=\"wp-block-jetpack-slideshow_slide swiper-slide\"><figure><img decoding=\"async\" loading=\"lazy\" width=\"192\" height=\"128\" alt=\"\" class=\"wp-block-jetpack-slideshow_image wp-image-760\" data-id=\"760\" src=\"https:\/\/www.iuibs.ulpgc.es\/wp-content\/uploads\/2016\/12\/objetivos5-192x128.jpg\"\/><\/figure><\/li><li class=\"wp-block-jetpack-slideshow_slide swiper-slide\"><figure><img decoding=\"async\" loading=\"lazy\" width=\"192\" height=\"128\" alt=\"\" class=\"wp-block-jetpack-slideshow_image wp-image-759\" data-id=\"759\" src=\"https:\/\/www.iuibs.ulpgc.es\/wp-content\/uploads\/2016\/12\/objetivos4-192x128.jpg\"\/><\/figure><\/li><li class=\"wp-block-jetpack-slideshow_slide swiper-slide\"><figure><img decoding=\"async\" loading=\"lazy\" width=\"192\" height=\"128\" alt=\"\" class=\"wp-block-jetpack-slideshow_image wp-image-758\" data-id=\"758\" src=\"https:\/\/www.iuibs.ulpgc.es\/wp-content\/uploads\/2016\/12\/objetivos3-192x128.jpg\"\/><\/figure><\/li><li class=\"wp-block-jetpack-slideshow_slide swiper-slide\"><figure><img decoding=\"async\" loading=\"lazy\" width=\"192\" height=\"128\" alt=\"\" class=\"wp-block-jetpack-slideshow_image wp-image-757\" data-id=\"757\" src=\"https:\/\/www.iuibs.ulpgc.es\/wp-content\/uploads\/2016\/12\/objetivos2-192x128.jpg\"\/><\/figure><\/li><li class=\"wp-block-jetpack-slideshow_slide swiper-slide\"><figure><img decoding=\"async\" loading=\"lazy\" width=\"192\" height=\"128\" alt=\"\" class=\"wp-block-jetpack-slideshow_image wp-image-756\" data-id=\"756\" src=\"https:\/\/www.iuibs.ulpgc.es\/wp-content\/uploads\/2016\/12\/objetivos-192x128.jpg\"\/><\/figure><\/li><\/ul><a class=\"wp-block-jetpack-slideshow_button-prev swiper-button-prev swiper-button-white\" role=\"button\"><\/a><a class=\"wp-block-jetpack-slideshow_button-next swiper-button-next swiper-button-white\" role=\"button\"><\/a><a aria-label=\"Pause Slideshow\" class=\"wp-block-jetpack-slideshow_button-pause\" role=\"button\"><\/a><div class=\"wp-block-jetpack-slideshow_pagination swiper-pagination swiper-pagination-white\"><\/div><\/div><\/div>\n<\/div>\n<\/div>\n\n\n\n<hr class=\"wp-block-separator\"\/>\n\n\n\n<h2 class=\"wp-block-heading\"><strong>Estructura Organizativa<\/strong><\/h2>\n\n\n\n<div class=\"wp-block-columns is-layout-flex wp-container-13 wp-block-columns-is-layout-flex\">\n<div class=\"wp-block-column is-layout-flow wp-block-column-is-layout-flow\">\n<p>La estructura de gobierno del iUIBS consta de:<\/p>\n\n\n\n<ul><li>Consejo del Instituto<\/li><li>Comit\u00e9 Cient\u00edfico<\/li><\/ul>\n<\/div>\n\n\n\n<div class=\"wp-block-column is-layout-flow wp-block-column-is-layout-flow\">\n<p>Funcionalmente, el iUIBS est\u00e1 gestionado por:<\/p>\n\n\n\n<ul><li><strong>Director<\/strong>: Prof. Lluis Serra Majem.<\/li><li><strong>Secretaria<\/strong>: Profra. Ana Mar\u00eda W\u00e4gner.<\/li><li><strong>Comit\u00e9 cient\u00edfico<\/strong><\/li><\/ul>\n<\/div>\n\n\n\n<div class=\"wp-block-column is-layout-flow wp-block-column-is-layout-flow\">\n<p>Y organizado en las siguientes divisiones:<\/p>\n\n\n\n<ul><li>Servicios Externos<\/li><li>Transferencia y Difusi\u00f3n<\/li><li>Estad\u00edstica<\/li><li>Laboratorios<\/li><li>Formaci\u00f3n y Doctorado<\/li><li>Documentaci\u00f3n<\/li><li>Relaciones Internacionales<\/li><\/ul>\n<\/div>\n<\/div>\n\n\n\n<hr class=\"wp-block-separator\"\/>\n\n\n\n<h2 class=\"wp-block-heading\"><strong>\u00daltimas Noticias<\/strong><\/h2>\n\n\n<ul class=\"wp-block-latest-posts__list has-dates wp-block-latest-posts\"><li><div class=\"wp-block-latest-posts__featured-image alignleft\"><img loading=\"lazy\" width=\"300\" height=\"242\" src=\"https:\/\/www.iuibs.ulpgc.es\/web-grupos\/wp-content\/uploads\/2019\/05\/idi-300x242.jpg\" class=\"attachment-medium size-medium wp-post-image\" alt=\"\" decoding=\"async\" style=\"\" srcset=\"https:\/\/www.iuibs.ulpgc.es\/web-grupos\/wp-content\/uploads\/2019\/05\/idi-300x242.jpg 300w, https:\/\/www.iuibs.ulpgc.es\/web-grupos\/wp-content\/uploads\/2019\/05\/idi.jpg 578w\" sizes=\"(max-width: 300px) 100vw, 300px\" \/><\/div><a class=\"wp-block-latest-posts__post-title\" href=\"https:\/\/www.iuibs.ulpgc.es\/web-grupos\/blog\/2021\/06\/28\/oferta-de-contrato-de-investigacion-para-proyecto-sessamo\/\">Oferta de contrato de investigaci\u00f3n para proyecto SESSAMO.<\/a><time datetime=\"2021-06-28T13:04:06+00:00\" class=\"wp-block-latest-posts__post-date\">28 junio, 2021<\/time><div class=\"wp-block-latest-posts__post-excerpt\">La Universidad de Las Palmas de Gran Canaria (ULPGC) convoca, en el contexto de proyecto de investigaci\u00f3n financiado por la Agencia Canaria de Investigaci\u00f3n, Innovaci\u00f3n y Sociedad de la Informaci\u00f3n (ACIISI), la Uni\u00f3n Europea (UE) y el Instituto de Salud Carlos III (ISCIII), la siguiente oferta de trabajo para Investigaci\u00f3n del Proyecto SESSAMO: Seguimiento de &#8230; <a href=\"https:\/\/www.iuibs.ulpgc.es\/web-grupos\/blog\/2021\/06\/28\/oferta-de-contrato-de-investigacion-para-proyecto-sessamo\/\" rel=\"noopener noreferrer\">Leer m\u00e1s<\/a><\/div><\/li>\n<li><div class=\"wp-block-latest-posts__featured-image alignleft\"><img loading=\"lazy\" width=\"300\" height=\"242\" src=\"https:\/\/www.iuibs.ulpgc.es\/web-grupos\/wp-content\/uploads\/2019\/05\/idi-300x242.jpg\" class=\"attachment-medium size-medium wp-post-image\" alt=\"\" decoding=\"async\" style=\"\" srcset=\"https:\/\/www.iuibs.ulpgc.es\/web-grupos\/wp-content\/uploads\/2019\/05\/idi-300x242.jpg 300w, https:\/\/www.iuibs.ulpgc.es\/web-grupos\/wp-content\/uploads\/2019\/05\/idi.jpg 578w\" sizes=\"(max-width: 300px) 100vw, 300px\" \/><\/div><a class=\"wp-block-latest-posts__post-title\" href=\"https:\/\/www.iuibs.ulpgc.es\/web-grupos\/blog\/2021\/06\/04\/oferta-de-contrato-de-investigacion-para-conceptualizacion-semiotica-y-cultural-de-tiempo\/\">Oferta de Contrato de Investigaci\u00f3n para Conceptualizaci\u00f3n Semi\u00f3tica y Cultural de Tiempo.<\/a><time datetime=\"2021-06-04T09:42:06+00:00\" class=\"wp-block-latest-posts__post-date\">4 junio, 2021<\/time><div class=\"wp-block-latest-posts__post-excerpt\">La Universidad de Las Palmas de Gran Canaria (ULPGC) convoca, en el contexto de proyecto de investigaci\u00f3n financiado por la Agencia Canaria de Investigaci\u00f3n, Innovaci\u00f3n y Sociedad de la Informaci\u00f3n (ACIISI) y la Uni\u00f3n Europea (UE), las siguientes ofertas de trabajo que se adjuntan a continuaci\u00f3n: Oferta Doctor\/a en Filolog\u00eda, Traducci\u00f3n e Interpretaci\u00f3n, Psicolog\u00eda, Psiquiatr\u00eda &#8230; <a href=\"https:\/\/www.iuibs.ulpgc.es\/web-grupos\/blog\/2021\/06\/04\/oferta-de-contrato-de-investigacion-para-conceptualizacion-semiotica-y-cultural-de-tiempo\/\" rel=\"noopener noreferrer\">Leer m\u00e1s<\/a><\/div><\/li>\n<li><div class=\"wp-block-latest-posts__featured-image alignleft\"><img loading=\"lazy\" width=\"300\" height=\"169\" src=\"https:\/\/www.iuibs.ulpgc.es\/web-grupos\/wp-content\/uploads\/2017\/06\/grupo-nutricion-logo-300x169.jpg\" class=\"attachment-medium size-medium wp-post-image\" alt=\"\" decoding=\"async\" style=\"\" srcset=\"https:\/\/www.iuibs.ulpgc.es\/web-grupos\/wp-content\/uploads\/2017\/06\/grupo-nutricion-logo-300x169.jpg 300w, https:\/\/www.iuibs.ulpgc.es\/web-grupos\/wp-content\/uploads\/2017\/06\/grupo-nutricion-logo-768x432.jpg 768w, https:\/\/www.iuibs.ulpgc.es\/web-grupos\/wp-content\/uploads\/2017\/06\/grupo-nutricion-logo.jpg 930w\" sizes=\"(max-width: 300px) 100vw, 300px\" \/><\/div><a class=\"wp-block-latest-posts__post-title\" href=\"https:\/\/www.iuibs.ulpgc.es\/web-grupos\/blog\/2021\/05\/14\/proyecto-predimed-plus\/\">Proyecto Predimed Plus<\/a><time datetime=\"2021-05-14T08:46:07+00:00\" class=\"wp-block-latest-posts__post-date\">14 mayo, 2021<\/time><div class=\"wp-block-latest-posts__post-excerpt\">Los excelentes resultados del Estudio PREDIMED I, tanto en la Pen\u00ednsula como en Canarias, permitieron que una Red de Centros de Investigaci\u00f3n espa\u00f1oles unieran sus esfuerzos para hacer realidad \u00a0el\u00a0Estudio PREDIMED PLUS\u00a0(www.predimedplus.com) \u00a0en la ULPGC en Abril de 2014. Financiado por el Instituto de Salud Carlos III, a trav\u00e9s de la Red Tem\u00e1tica en Investigaci\u00f3n &#8230; <a href=\"https:\/\/www.iuibs.ulpgc.es\/web-grupos\/blog\/2021\/05\/14\/proyecto-predimed-plus\/\" rel=\"noopener noreferrer\">Leer m\u00e1s<\/a><\/div><\/li>\n<li><div class=\"wp-block-latest-posts__featured-image alignleft\"><img loading=\"lazy\" width=\"300\" height=\"242\" src=\"https:\/\/www.iuibs.ulpgc.es\/web-grupos\/wp-content\/uploads\/2019\/05\/idi-300x242.jpg\" class=\"attachment-medium size-medium wp-post-image\" alt=\"\" decoding=\"async\" style=\"\" srcset=\"https:\/\/www.iuibs.ulpgc.es\/web-grupos\/wp-content\/uploads\/2019\/05\/idi-300x242.jpg 300w, https:\/\/www.iuibs.ulpgc.es\/web-grupos\/wp-content\/uploads\/2019\/05\/idi.jpg 578w\" sizes=\"(max-width: 300px) 100vw, 300px\" \/><\/div><a class=\"wp-block-latest-posts__post-title\" href=\"https:\/\/www.iuibs.ulpgc.es\/web-grupos\/blog\/2021\/05\/10\/contratacion-de-personal-investigador-con-cargo-a-proyecto-propuesta-de-resolucion-y-contratacion\/\">Contrataci\u00f3n de Personal Investigador con Cargo a Proyecto: Propuesta de Resoluci\u00f3n y Contrataci\u00f3n<\/a><time datetime=\"2021-05-10T11:49:36+00:00\" class=\"wp-block-latest-posts__post-date\">10 mayo, 2021<\/time><div class=\"wp-block-latest-posts__post-excerpt\">Se publica propuesta de resoluci\u00f3n y contrataci\u00f3n de puesto para la convocatoria realizada en semanas anteriores\u00a0para contratar en el contexto de proyecto de investigaci\u00f3n financiado por la\u00a0Agencia Canaria de Investigaci\u00f3n, Innovaci\u00f3n y Sociedad de la Informaci\u00f3n. Propuesta de Resoluci\u00f3n y Contrataci\u00f3n<\/div><\/li>\n<\/ul>","protected":false},"excerpt":{"rendered":"<p>El Instituto Universitario de Investigaciones Biom\u00e9dicas y Sanitarias (iUIBS) es el centro de investigaci\u00f3n de la Universidad de Las Palmas de Gran Canaria en el \u00e1rea biom\u00e9dica, biotecnol\u00f3gica, hospitalaria y socio-sanitaria. En \u00e9l se concentran grupos de investigaci\u00f3n universitarios, grupos de investigaci\u00f3n hospitalarios, unidades de investigaci\u00f3n de centros p\u00fablicos e investigadores colaboradores. El iUIBS pretende &#8230; <a href=\"https:\/\/www.iuibs.ulpgc.es\/web-grupos\/\" rel=\"noopener noreferrer\">Leer m\u00e1s<\/a><\/p>\n","protected":false},"author":1,"featured_media":0,"parent":0,"menu_order":0,"comment_status":"closed","ping_status":"closed","template":"","meta":{"jetpack_post_was_ever_published":false,"footnotes":""},"jetpack-related-posts":[],"_links":{"self":[{"href":"https:\/\/www.iuibs.ulpgc.es\/web-grupos\/wp-json\/wp\/v2\/pages\/112"}],"collection":[{"href":"https:\/\/www.iuibs.ulpgc.es\/web-grupos\/wp-json\/wp\/v2\/pages"}],"about":[{"href":"https:\/\/www.iuibs.ulpgc.es\/web-grupos\/wp-json\/wp\/v2\/types\/page"}],"author":[{"embeddable":true,"href":"https:\/\/www.iuibs.ulpgc.es\/web-grupos\/wp-json\/wp\/v2\/users\/1"}],"replies":[{"embeddable":true,"href":"https:\/\/www.iuibs.ulpgc.es\/web-grupos\/wp-json\/wp\/v2\/comments?post=112"}],"version-history":[{"count":144,"href":"https:\/\/www.iuibs.ulpgc.es\/web-grupos\/wp-json\/wp\/v2\/pages\/112\/revisions"}],"predecessor-version":[{"id":1703,"href":"https:\/\/www.iuibs.ulpgc.es\/web-grupos\/wp-json\/wp\/v2\/pages\/112\/revisions\/1703"}],"wp:attachment":[{"href":"https:\/\/www.iuibs.ulpgc.es\/web-grupos\/wp-json\/wp\/v2\/media?parent=112"}],"curies":[{"name":"wp","href":"https:\/\/api.w.org\/{rel}","templated":true}]}}