{"id":318,"date":"2017-01-10T09:08:29","date_gmt":"2017-01-10T09:08:29","guid":{"rendered":"http:\/\/www.iuibs.ulpgc.es\/?page_id=318"},"modified":"2018-07-30T13:51:46","modified_gmt":"2018-07-30T13:51:46","slug":"catedras","status":"publish","type":"page","link":"https:\/\/www.iuibs.ulpgc.es\/web-grupos\/catedras\/","title":{"rendered":"Empresa"},"content":{"rendered":"<p>Las C\u00e1tedras constituyen un <strong>programa de patrocinio de las empresas<\/strong> para la realizaci\u00f3n de actividades dentro de las distintas \u00e1reas que se desarrollan en el iUIBS. Este tipo de relaci\u00f3n <strong>Universidad-Empresa<\/strong> contribuye enormemente a la transferencia de la I+D+i al tejido empresarial.<\/p>\n<p>&nbsp;<\/p>\n<table style=\"height: 255px;width: 90%\" width=\"100%\">\n<tbody>\n<tr style=\"height: 54px\">\n<td style=\"width: 425.033px;height: 54px;padding-left: 30px\"><a href=\"http:\/\/www2.ulpgc.es\/index.php?pagina=vrii&amp;ver=catedras_unesco\" target=\"_blank\" rel=\"noopener\"><img decoding=\"async\" loading=\"lazy\" class=\"size-full wp-image-387 aligncenter\" src=\"http:\/\/www.iuibs.ulpgc.es\/wp-content\/uploads\/2017\/01\/unesco.jpg\" alt=\"unesco\" width=\"180\" height=\"120\" \/><\/a><\/td>\n<td style=\"width: 397.967px;height: 54px;padding-left: 30px\"><a href=\"http:\/\/catedratecnologiamedica.ulpgc.es\/\" target=\"_blank\" rel=\"noopener\"><img decoding=\"async\" loading=\"lazy\" class=\"size-full wp-image-388 aligncenter\" src=\"http:\/\/www.iuibs.ulpgc.es\/wp-content\/uploads\/2017\/01\/LogoGlobalCatedraULPGC-1.png\" alt=\"logoglobalcatedraulpgc\" width=\"360\" height=\"120\" srcset=\"https:\/\/www.iuibs.ulpgc.es\/web-grupos\/wp-content\/uploads\/2017\/01\/LogoGlobalCatedraULPGC-1.png 360w, https:\/\/www.iuibs.ulpgc.es\/web-grupos\/wp-content\/uploads\/2017\/01\/LogoGlobalCatedraULPGC-1-300x100.png 300w\" sizes=\"(max-width: 360px) 100vw, 360px\" \/><\/a><\/td>\n<td style=\"width: 397.967px;height: 54px;padding-left: 6%\"><a href=\"http:\/\/www.cieah.ulpgc.es\" target=\"_blank\" rel=\"noopener\"><img decoding=\"async\" loading=\"lazy\" class=\"alignnone size-full wp-image-425\" src=\"http:\/\/www.iuibs.ulpgc.es\/wp-content\/uploads\/2017\/01\/Catedra-Hidratacion.png\" alt=\"\" width=\"439\" height=\"109\" srcset=\"https:\/\/www.iuibs.ulpgc.es\/web-grupos\/wp-content\/uploads\/2017\/01\/Catedra-Hidratacion.png 439w, https:\/\/www.iuibs.ulpgc.es\/web-grupos\/wp-content\/uploads\/2017\/01\/Catedra-Hidratacion-300x74.png 300w\" sizes=\"(max-width: 439px) 100vw, 439px\" \/><\/a><\/td>\n<\/tr>\n<tr style=\"height: 22px\">\n<td style=\"width: 454.033px;height: 15px;text-align: center;vertical-align: top\">\n<ul>\n<li><a href=\"http:\/\/www2.ulpgc.es\/index.php?pagina=vrii&amp;ver=catedras_unesco\" target=\"_blank\" rel=\"noopener\">C\u00e1tedra Unitwin &#8211; UNESCO (IPSILOS)<\/a><\/li>\n<\/ul>\n<\/td>\n<td style=\"width: 426.967px;height: 22px;text-align: center;vertical-align: top\">\n<ul>\n<li><a href=\"http:\/\/catedratecnologiamedica.ulpgc.es\/\" target=\"_blank\" rel=\"noopener\">C\u00e1tedra de Tecnolog\u00edas M\u00e9dicas<\/a><\/li>\n<\/ul>\n<p>&nbsp;<\/td>\n<td style=\"width: 426.967px;height: 22px;text-align: center;vertical-align: top\">\n<ul>\n<li><a href=\"http:\/\/www.cieah.ulpgc.es\" target=\"_blank\" rel=\"noopener\">C\u00e1tedra Internacional de Estudios Avanzados en Hidrataci\u00f3n<\/a><\/li>\n<\/ul>\n<\/td>\n<\/tr>\n<\/tbody>\n<\/table>\n","protected":false},"excerpt":{"rendered":"<p>Las C\u00e1tedras constituyen un programa de patrocinio de las empresas para la realizaci\u00f3n de actividades dentro de las distintas \u00e1reas que se desarrollan en el iUIBS. Este tipo de relaci\u00f3n Universidad-Empresa contribuye enormemente a la transferencia de la I+D+i al tejido empresarial. &nbsp; C\u00e1tedra Unitwin &#8211; UNESCO (IPSILOS) C\u00e1tedra de Tecnolog\u00edas M\u00e9dicas &nbsp; C\u00e1tedra Internacional [&hellip;]<\/p>\n","protected":false},"author":1,"featured_media":0,"parent":0,"menu_order":0,"comment_status":"closed","ping_status":"closed","template":"","meta":{"jetpack_post_was_ever_published":false,"footnotes":""},"jetpack-related-posts":[],"_links":{"self":[{"href":"https:\/\/www.iuibs.ulpgc.es\/web-grupos\/wp-json\/wp\/v2\/pages\/318"}],"collection":[{"href":"https:\/\/www.iuibs.ulpgc.es\/web-grupos\/wp-json\/wp\/v2\/pages"}],"about":[{"href":"https:\/\/www.iuibs.ulpgc.es\/web-grupos\/wp-json\/wp\/v2\/types\/page"}],"author":[{"embeddable":true,"href":"https:\/\/www.iuibs.ulpgc.es\/web-grupos\/wp-json\/wp\/v2\/users\/1"}],"replies":[{"embeddable":true,"href":"https:\/\/www.iuibs.ulpgc.es\/web-grupos\/wp-json\/wp\/v2\/comments?post=318"}],"version-history":[{"count":29,"href":"https:\/\/www.iuibs.ulpgc.es\/web-grupos\/wp-json\/wp\/v2\/pages\/318\/revisions"}],"predecessor-version":[{"id":1247,"href":"https:\/\/www.iuibs.ulpgc.es\/web-grupos\/wp-json\/wp\/v2\/pages\/318\/revisions\/1247"}],"wp:attachment":[{"href":"https:\/\/www.iuibs.ulpgc.es\/web-grupos\/wp-json\/wp\/v2\/media?parent=318"}],"curies":[{"name":"wp","href":"https:\/\/api.w.org\/{rel}","templated":true}]}}