{"id":471,"date":"2017-03-16T13:38:44","date_gmt":"2017-03-16T13:38:44","guid":{"rendered":"http:\/\/www.iuibs.ulpgc.es\/?page_id=471"},"modified":"2017-04-04T08:01:44","modified_gmt":"2017-04-04T08:01:44","slug":"idi","status":"publish","type":"page","link":"https:\/\/www.iuibs.ulpgc.es\/web-grupos\/idi\/","title":{"rendered":"Innovaci\u00f3n"},"content":{"rendered":"<p><img decoding=\"async\" loading=\"lazy\" class=\"size-medium wp-image-696 alignleft\" src=\"http:\/\/www.iuibs.ulpgc.es\/wp-content\/uploads\/2017\/03\/imagen-300x169-5-300x169.jpg\" alt=\"\" width=\"300\" height=\"169\" \/>El iUIBS desarrolla su actividad de<strong> investigaci\u00f3n<\/strong>, <strong>desarrollo<\/strong> e <strong>innovaci\u00f3n<\/strong> en el \u00e1mbito de las ciencias biom\u00e9dicas; desde \u00e1reas de nutrici\u00f3n, actividad f\u00edsica, endocrinolog\u00eda y metabolismo, pasando por enfermedades infecciosas, inflamatorias, respiratorias, oncolog\u00eda, y sin olvidar la tecnolog\u00eda sanitaria.<\/p>\n<p>El <strong>car\u00e1cter multidisciplinar del iUIBS<\/strong> ha permitido que \u00e9stas y las otras \u00e1reas representadas en nuestro centro, se beneficien de la confluencia de investigadores con s\u00f3lida formaci\u00f3n en campos muy diversos y complementarios: epidemiolog\u00eda, investigaci\u00f3n cl\u00ednica, estudios experimentales, tanto in vitro como in vivo, tanto en animales como en humanos, ensayos cl\u00ednicos promovidos por investigadores, biolog\u00eda molecular, gen\u00e9tica, qu\u00edmica, toxicolog\u00eda, estad\u00edstica\/matem\u00e1ticas, cirug\u00eda, tecnolog\u00eda, etc.<\/p>\n<p>En este marco, <strong>las principales l\u00edneas de actividad I+D+i<\/strong> son muy diversas y ocupan campos generales como:<\/p>\n<ul>\n<li>Salud P\u00fablica y h\u00e1bitos Saludables<\/li>\n<li>Actividad F\u00edsica y del Deporte<\/li>\n<li>Investigaci\u00f3n Cl\u00ednica Asistencial<\/li>\n<li>Tecnolog\u00eda Biom\u00e9dica<\/li>\n<li>Gen\u00e9tica<\/li>\n<li>Toxicolog\u00eda<\/li>\n<li>Oncolog\u00eda<\/li>\n<li>Neurociencia<\/li>\n<\/ul>\n<p>Para desarrollar estas l\u00edneas de actividad se dispone de laboratorios e instrumental especializado, gestionado y utilizado por personal experto, para realizar diferentes experiencias:<\/p>\n<ul>\n<li>Cultivos celulares y de tejidos<\/li>\n<li>Biolog\u00eda molecular: gen\u00f3mica, expresi\u00f3n g\u00e9nica, prote\u00f3mica<\/li>\n<li>Microscop\u00eda: fluorescencia, confocal<\/li>\n<li>Citometr\u00eda de flujo<\/li>\n<li>Cromatograf\u00eda<\/li>\n<li>Criopreservaci\u00f3n de muestras biol\u00f3gicas: -20\u00baC, -80\u00ba, Nitr\u00f3geno<\/li>\n<li>L\u00edquido (hielo seco: servicio peri\u00f3dico)<\/li>\n<li>Centr\u00edfugas y ultracentr\u00edfugas<\/li>\n<li>Genoteca<\/li>\n<li>Servicio de l\u00edneas celulares (cat\u00e1logo)<\/li>\n<\/ul>\n","protected":false},"excerpt":{"rendered":"<p>El iUIBS desarrolla su actividad de investigaci\u00f3n, desarrollo e innovaci\u00f3n en el \u00e1mbito de las ciencias biom\u00e9dicas; desde \u00e1reas de nutrici\u00f3n, actividad f\u00edsica, endocrinolog\u00eda y metabolismo, pasando por enfermedades infecciosas, inflamatorias, respiratorias, oncolog\u00eda, y sin olvidar la tecnolog\u00eda sanitaria. El car\u00e1cter multidisciplinar del iUIBS ha permitido que \u00e9stas y las otras \u00e1reas representadas en nuestro [&hellip;]<\/p>\n","protected":false},"author":1,"featured_media":0,"parent":0,"menu_order":0,"comment_status":"closed","ping_status":"closed","template":"","meta":{"jetpack_post_was_ever_published":false,"footnotes":""},"jetpack-related-posts":[],"_links":{"self":[{"href":"https:\/\/www.iuibs.ulpgc.es\/web-grupos\/wp-json\/wp\/v2\/pages\/471"}],"collection":[{"href":"https:\/\/www.iuibs.ulpgc.es\/web-grupos\/wp-json\/wp\/v2\/pages"}],"about":[{"href":"https:\/\/www.iuibs.ulpgc.es\/web-grupos\/wp-json\/wp\/v2\/types\/page"}],"author":[{"embeddable":true,"href":"https:\/\/www.iuibs.ulpgc.es\/web-grupos\/wp-json\/wp\/v2\/users\/1"}],"replies":[{"embeddable":true,"href":"https:\/\/www.iuibs.ulpgc.es\/web-grupos\/wp-json\/wp\/v2\/comments?post=471"}],"version-history":[{"count":8,"href":"https:\/\/www.iuibs.ulpgc.es\/web-grupos\/wp-json\/wp\/v2\/pages\/471\/revisions"}],"predecessor-version":[{"id":697,"href":"https:\/\/www.iuibs.ulpgc.es\/web-grupos\/wp-json\/wp\/v2\/pages\/471\/revisions\/697"}],"wp:attachment":[{"href":"https:\/\/www.iuibs.ulpgc.es\/web-grupos\/wp-json\/wp\/v2\/media?parent=471"}],"curies":[{"name":"wp","href":"https:\/\/api.w.org\/{rel}","templated":true}]}}