{"id":514,"date":"2017-03-20T08:59:33","date_gmt":"2017-03-20T08:59:33","guid":{"rendered":"http:\/\/www.iuibs.ulpgc.es\/?page_id=514"},"modified":"2017-04-04T08:31:56","modified_gmt":"2017-04-04T08:31:56","slug":"colaboraciones","status":"publish","type":"page","link":"https:\/\/www.iuibs.ulpgc.es\/web-grupos\/colaboraciones\/","title":{"rendered":"Colaboraci\u00f3n"},"content":{"rendered":"<p><img decoding=\"async\" loading=\"lazy\" class=\"size-medium wp-image-705 alignleft\" src=\"http:\/\/www.iuibs.ulpgc.es\/wp-content\/uploads\/2017\/03\/Imagen-300x169-9-300x169.png\" alt=\"\" width=\"300\" height=\"169\" \/>El Instituto colabora con varias instituciones y empresas, bien a trav\u00e9s de proyectos de investigaci\u00f3n que se desarrollan conjuntamente, bien mediante convenios espec\u00edficos a trav\u00e9s de alguna de sus <a href=\"http:\/\/www.iuibs.ulpgc.es\/catedras\/\">C\u00e1tedras<\/a>.<\/p>\n","protected":false},"excerpt":{"rendered":"<p>El Instituto colabora con varias instituciones y empresas, bien a trav\u00e9s de proyectos de investigaci\u00f3n que se desarrollan conjuntamente, bien mediante convenios espec\u00edficos a trav\u00e9s de alguna de sus C\u00e1tedras.<\/p>\n","protected":false},"author":1,"featured_media":0,"parent":0,"menu_order":0,"comment_status":"closed","ping_status":"closed","template":"","meta":{"jetpack_post_was_ever_published":false,"footnotes":""},"jetpack-related-posts":[],"_links":{"self":[{"href":"https:\/\/www.iuibs.ulpgc.es\/web-grupos\/wp-json\/wp\/v2\/pages\/514"}],"collection":[{"href":"https:\/\/www.iuibs.ulpgc.es\/web-grupos\/wp-json\/wp\/v2\/pages"}],"about":[{"href":"https:\/\/www.iuibs.ulpgc.es\/web-grupos\/wp-json\/wp\/v2\/types\/page"}],"author":[{"embeddable":true,"href":"https:\/\/www.iuibs.ulpgc.es\/web-grupos\/wp-json\/wp\/v2\/users\/1"}],"replies":[{"embeddable":true,"href":"https:\/\/www.iuibs.ulpgc.es\/web-grupos\/wp-json\/wp\/v2\/comments?post=514"}],"version-history":[{"count":7,"href":"https:\/\/www.iuibs.ulpgc.es\/web-grupos\/wp-json\/wp\/v2\/pages\/514\/revisions"}],"predecessor-version":[{"id":706,"href":"https:\/\/www.iuibs.ulpgc.es\/web-grupos\/wp-json\/wp\/v2\/pages\/514\/revisions\/706"}],"wp:attachment":[{"href":"https:\/\/www.iuibs.ulpgc.es\/web-grupos\/wp-json\/wp\/v2\/media?parent=514"}],"curies":[{"name":"wp","href":"https:\/\/api.w.org\/{rel}","templated":true}]}}