{"id":516,"date":"2017-03-20T08:59:46","date_gmt":"2017-03-20T08:59:46","guid":{"rendered":"http:\/\/www.iuibs.ulpgc.es\/?page_id=516"},"modified":"2018-11-12T09:41:39","modified_gmt":"2018-11-12T09:41:39","slug":"docencia","status":"publish","type":"page","link":"https:\/\/www.iuibs.ulpgc.es\/web-grupos\/docencia\/","title":{"rendered":"Educaci\u00f3n"},"content":{"rendered":"<p><img decoding=\"async\" loading=\"lazy\" class=\"size-medium wp-image-698 alignleft\" src=\"http:\/\/www.iuibs.ulpgc.es\/wp-content\/uploads\/2017\/03\/imagen-300x169-2-300x169.jpg\" alt=\"\" width=\"300\" height=\"169\" \/>El <strong>iUIBS<\/strong> integra a gran cantidad de personal docente e investigador de la Universidad de Las Palmas de Gran Canaria y por ello parte de la actividad investigadora del Instituto se refleja en la actividad docente de distintas titulaciones de la Universidad.<\/p>\n<p>Del mismo modo, el iUIBS se ocupa de formar a los futuros investigadores en \u00e1reas biom\u00e9dicas y a profesionales del sector de la salud que requieren de formaci\u00f3n continuada o de especializaci\u00f3n (Expertos Universitarios, M\u00e1steres, etc.).<\/p>\n<p>&nbsp;<\/p>\n<div class=\"recuadro\">\n<p style=\"text-align: center;\"><strong><span style=\"font-size: 18pt; font-family: times new roman,times,serif;\">Grado<\/span><\/strong><\/p>\n<hr \/>\n<p>Los miembros docentes del Instituto imparten docencia en estos centros de la Universidad de Las Palmas de Gran Canaria. Detalles sobre esta docencia y sus contenidos acad\u00e9micos pueden ser consultados a trav\u00e9s del sitio web de cada centro.<\/p>\n<p>&nbsp;<\/p>\n<table style=\"width: 98%;\">\n<tbody>\n<tr style=\"height: 211px;\">\n<td style=\"width: 50%; height: 40%; vertical-align: top;\">\n<div class=\"divImagenes\"><a href=\"http:\/\/www.fccs.ulpgc.es\/\" target=\"_blank\" rel=\"noopener\"><img decoding=\"async\" loading=\"lazy\" class=\"size-medium wp-image-711 aligncenter\" src=\"http:\/\/www.iuibs.ulpgc.es\/wp-content\/uploads\/2017\/03\/medicina3300X199-300x199.jpg\" alt=\"\" width=\"300\" height=\"199\" \/><\/a><\/div>\n<\/td>\n<td style=\"width: 50%; height: 211px;\">\n<div class=\"divImagenes\">\n<p><a href=\"http:\/\/www.fv.ulpgc.es\/\"><img decoding=\"async\" loading=\"lazy\" class=\"aligncenter wp-image-713 size-medium\" src=\"http:\/\/www.iuibs.ulpgc.es\/wp-content\/uploads\/2017\/03\/veterinaria-1-300x199-1-300x199.jpg\" alt=\"\" width=\"300\" height=\"199\" \/><\/a><\/p>\n<div><\/div>\n<\/div>\n<\/td>\n<\/tr>\n<tr style=\"height: 32px;\">\n<td style=\"width: 50%; height: 10%; text-align: center;\"><a href=\"http:\/\/www.fccs.ulpgc.es\/\" target=\"_blank\" rel=\"noopener\">Facultad de Ciencias de la Salud<\/a><\/td>\n<td style=\"width: 50%; text-align: center; height: 32px;\"><a href=\"http:\/\/www.fv.ulpgc.es\/\" target=\"_blank\" rel=\"noopener\">Facultad de Veterinaria<\/a><\/td>\n<\/tr>\n<tr style=\"height: 247px;\">\n<td style=\"width: 50%; height: 247px; text-align: center; vertical-align: middle;\">\n<div class=\"divImagenes\"><a href=\"http:\/\/www.eite.ulpgc.es\/\" target=\"_blank\" rel=\"noopener\"><img decoding=\"async\" loading=\"lazy\" class=\"size-medium wp-image-715 aligncenter\" src=\"http:\/\/www.iuibs.ulpgc.es\/wp-content\/uploads\/2017\/03\/teleco300X199-300x199.jpg\" alt=\"\" width=\"300\" height=\"199\" \/><\/a><\/div>\n<\/td>\n<td style=\"width: 50%; height: 247px; text-align: center; vertical-align: middle;\">\n<div class=\"divImagenes\"><a href=\"http:\/\/www.fcafd.ulpgc.es\/\" target=\"_blank\" rel=\"noopener\"><img decoding=\"async\" loading=\"lazy\" class=\"size-medium wp-image-748 aligncenter\" src=\"http:\/\/www.iuibs.ulpgc.es\/wp-content\/uploads\/2017\/03\/educacionFisica-300x199.jpg\" alt=\"\" width=\"300\" height=\"199\" \/><\/a><\/div>\n<\/td>\n<\/tr>\n<tr style=\"height: 24px;\">\n<td style=\"width: 50%; text-align: center; height: 24px;\"><a href=\"http:\/\/www.eite.ulpgc.es\/\" target=\"_blank\" rel=\"noopener\">Escuela Ing. de Telecomunicaci\u00f3n y Electr\u00f3nica<\/a><\/td>\n<td style=\"width: 50%; text-align: center; height: 24px;\">\u00a0<a href=\"http:\/\/www.fcafd.ulpgc.es\/\" target=\"_blank\" rel=\"noopener\">Facultad de Educaci\u00f3n F\u00edsica y del Deporte<\/a><\/td>\n<\/tr>\n<\/tbody>\n<\/table>\n<\/div>\n<div class=\"recuadro\">\n<p style=\"text-align: center;\"><strong><span style=\"font-family: times new roman,times,serif; font-size: 18pt;\">Doctorado<\/span><\/strong><\/p>\n<hr \/>\n<p>El Instituto dispone de un programa de doctorado dentro de la Universidad de Las Palmas de Gran Canaria. Este programa, <a href=\"https:\/\/www2.ulpgc.es\/index.php?pagina=plan_estudio&amp;ver=wpe002&amp;codTitulacion=6025&amp;tipotitulacion=D\">Investigaci\u00f3n en Biomedicina<\/a>, contempla todos los aspectos necesarios para desarrollar una carrera investigadora en las \u00e1reas de I+D+i que se realizan en el Instituto.<\/p>\n<p>&nbsp;<\/p>\n<p style=\"text-align: center;\"><iframe loading=\"lazy\" src=\"https:\/\/www.youtube.com\/embed\/7PTa_9gOm9c?list=PLNmQVk0tzHciwOvY7Y0AOgUXqPtQGuRWZ\" width=\"560\" height=\"315\" frameborder=\"0\" allowfullscreen=\"allowfullscreen\"><\/iframe><\/p>\n<\/div>\n<div class=\"recuadro\">\n<p style=\"text-align: center;\"><strong><span style=\"font-size: 18pt; font-family: times new roman,times,serif;\">Especializaci\u00f3n<\/span><\/strong><\/p>\n<hr \/>\n<p>El Instituto tiene dentro sus objetivos formar y especializar a profesionales que sean absorbidos por el tejido productivo del sector biosanitario. En esta l\u00ednea se contempla el desarrollo de programas de formaci\u00f3n de posgrado (Expertos, M\u00e1steres, etc.) que catalicen este proceso.<\/p>\n<\/div>\n","protected":false},"excerpt":{"rendered":"<p>El iUIBS integra a gran cantidad de personal docente e investigador de la Universidad de Las Palmas de Gran Canaria y por ello parte de la actividad investigadora del Instituto se refleja en la actividad docente de distintas titulaciones de la Universidad. Del mismo modo, el iUIBS se ocupa de formar a los futuros investigadores [&hellip;]<\/p>\n","protected":false},"author":1,"featured_media":0,"parent":0,"menu_order":0,"comment_status":"closed","ping_status":"closed","template":"","meta":{"jetpack_post_was_ever_published":false,"footnotes":""},"jetpack-related-posts":[],"_links":{"self":[{"href":"https:\/\/www.iuibs.ulpgc.es\/web-grupos\/wp-json\/wp\/v2\/pages\/516"}],"collection":[{"href":"https:\/\/www.iuibs.ulpgc.es\/web-grupos\/wp-json\/wp\/v2\/pages"}],"about":[{"href":"https:\/\/www.iuibs.ulpgc.es\/web-grupos\/wp-json\/wp\/v2\/types\/page"}],"author":[{"embeddable":true,"href":"https:\/\/www.iuibs.ulpgc.es\/web-grupos\/wp-json\/wp\/v2\/users\/1"}],"replies":[{"embeddable":true,"href":"https:\/\/www.iuibs.ulpgc.es\/web-grupos\/wp-json\/wp\/v2\/comments?post=516"}],"version-history":[{"count":71,"href":"https:\/\/www.iuibs.ulpgc.es\/web-grupos\/wp-json\/wp\/v2\/pages\/516\/revisions"}],"predecessor-version":[{"id":1341,"href":"https:\/\/www.iuibs.ulpgc.es\/web-grupos\/wp-json\/wp\/v2\/pages\/516\/revisions\/1341"}],"wp:attachment":[{"href":"https:\/\/www.iuibs.ulpgc.es\/web-grupos\/wp-json\/wp\/v2\/media?parent=516"}],"curies":[{"name":"wp","href":"https:\/\/api.w.org\/{rel}","templated":true}]}}