{"id":76,"date":"2016-11-23T10:07:43","date_gmt":"2016-11-23T10:07:43","guid":{"rendered":"http:\/\/www.iuibs.ulpgc.es\/?page_id=76"},"modified":"2020-04-03T17:02:32","modified_gmt":"2020-04-03T17:02:32","slug":"grupos","status":"publish","type":"page","link":"https:\/\/www.iuibs.ulpgc.es\/web-grupos\/grupos\/","title":{"rendered":"Equipo"},"content":{"rendered":"\n<p>El Instituto Universitario de Investigaci\u00f3n en Ciencias Biom\u00e9dicas y Sanitarias (IUIBS) de la Universidad de Las Palmas de Gran Canaria se ha creado con el objetivo de reunir investigadoras\/es, programas de investigaci\u00f3n, docencia de postgrado, recursos econ\u00f3micos y medios instrumentales suficientes para buscar el avance del conocimiento, el desarrollo y la innovaci\u00f3n en Biomedicina y Biotecnolog\u00eda, mediante la investigaci\u00f3n cient\u00edfica de excelencia.<\/p>\n\n\n\n<p>A continuaci\u00f3n se listan todos los grupos que forman parte del IUIBS:<\/p>\n\n\n\n<ul><li><a href=\"#nutricion\">iUIBS &#8211; Nutrici\u00f3n<\/a><\/li><li><a href=\"#veterinaria\">iUIBS &#8211; Medicina Veterinaria e Investigaci\u00f3n Terap\u00e9utica<\/a><\/li><li><a href=\"#osteoporosis\">iUIBS &#8211; Osteoporosis Mineral<\/a><\/li><li><a href=\"#bioquimica\">iUIBS &#8211; Bioqu\u00edmica Farmacol\u00f3gica<\/a><\/li><li><a href=\"#molecular\">iUIBS &#8211; Farmacolog\u00eda Molecular y Traslacional &#8211; Biopharm ULPGC<\/a><\/li><li><a href=\"#axonal\">iUIBS &#8211; Neurogliociencia y Reparaci\u00f3n Axonal<\/a><\/li><li><a href=\"#fisico\">iUIBS &#8211; Rendimiento Humano, Ejercicio F\u00edsico y Salud<\/a><\/li><li><a href=\"#audiovisual\">iUIBS &#8211; Tecnolog\u00eda M\u00e9dica y Audiovisual<\/a><\/li><li><a href=\"#infecciones1\">iUIBS &#8211; Estudio del Proceso Infeccioso y sus Agentes Causales<\/a><\/li><li><a href=\"#patologia\">iUIBS &#8211; Patolog\u00eda M\u00e9dica<\/a><\/li><li><a href=\"#infecciones2\">iUIBS &#8211; Infecciosas, Nutricionales e Inflamatorias en Pacientes Hospitalarios<\/a><\/li><li><a href=\"#medio\">iUIBS &#8211; Medio Ambiente y Salud<\/a><\/li><li><a href=\"#biopoetica\">iUIBS &#8211; Biopo\u00e9tica, Semi\u00f3tica Cognitiva y Neuroest\u00e9tica<\/a><\/li><li><a href=\"#se\u00f1al\">iUIBS &#8211; Se\u00f1alizaci\u00f3n Intracelular y Expresi\u00f3n G\u00e9nica<\/a><\/li><li><a href=\"#diabetes\">iUIBS &#8211; Diabetes y Endocrinolog\u00eda<\/a><\/li><\/ul>\n\n\n\n<h2 class=\"wp-block-heading\" id=\"nutricion\"><a rel=\"noreferrer noopener\" href=\"https:\/\/www.iuibs.ulpgc.es\/nutricion\" target=\"_blank\"><strong>iUIBS &#8211; Nutrici\u00f3n<\/strong><\/a><\/h2>\n\n\n\n<ul><li>ANA LUISA ALVAREZ FALCON<\/li><li>BEATRIZ VANESSA D\u00cdAZ GONZ\u00c1LEZ<\/li><li>ITANDEHUI CASTRO QUEZADA<\/li><li>MIGUEL ANGEL SILVA DEL VALLE<\/li><li>JACQUELINE \u00c1LVAREZ P\u00c9REZ<\/li><li>LUIS PE\u00d1A QUINTANA<\/li><li>PATRICIA HENR\u00cdQUEZ S\u00c1NCHEZ<\/li><li>LUIS SERRA MAJEM<\/li><li>JORGE DORESTE ALONSO<\/li><li>GABRIEL L\u00d3PEZ MART\u00cdN<\/li><li>MARTA SANGIL MONROY<\/li><li>INMACULADA BAUTISTA CASTA\u00d1O<\/li><li>ALMUDENA S\u00c1NCHEZ VILLEGAS<\/li><li>EVA ELISA \u00c1LVAREZ LE\u00d3N<\/li><li>MARIELA NISSENSOHN BONDAROV<\/li><li>CRISTINA RUANO RODRIGUEZ<\/li><li>ELENA MARIA DIAZ BENITEZ<\/li><li>YERAY NOVOA MEDINA<\/li><li>MARIA JOSE BETANCOR GOMEZ<\/li><li>GLORIA GONZALEZ AZPEITIA<\/li><li>DESIDERIO REYES SUAREZ<\/li><li>MARIA LUISA ALVAREZ MALE<\/li><li>LUCIA TAMARA CASA\u00d1AS QUINTANA<\/li><li>MARIA JESUS FERNANDEZ RODRIGUEZ<\/li><li>ROSARIO PEREZ MARTELL<\/li><li>LOIDA MARIA GARCIA CRUZ<\/li><li>ROMUALDO BENTOR GARCIA GUERRA<\/li><li>ESTHER GONZALEZ PADILLA<\/li><li>DANIEL GONZALEZ SANTANA<\/li><li>ELIZABETH HERNANDEZ GARCIA<\/li><li>ELSA DANIELA MONTESDEOCA<\/li><li>BLANCA MONTORO GONZALEZ<\/li><li>ADRIANA ORTIZ ANDRELLUCHI<\/li><li>RAMIRO RIAL GONZALEZ<\/li><li>YESSICA RODRIGUEZ SANTANA<\/li><\/ul>\n\n\n\n<h2 class=\"wp-block-heading\" id=\"veterinaria\"><a href=\"http:\/\/medicinaveterinaria.ulpgc.es\/\" target=\"_blank\" rel=\"noreferrer noopener\"><strong>iUIBS &#8211; Medicina Veterinaria e Investigaci\u00f3n Terap\u00e9utica<\/strong><\/a><\/h2>\n\n\n\n<ul><li>JOSE MANUEL VILAR GUERE\u00d1O<\/li><li>CANDELARIA JUSTEDE SANTA ANA<\/li><li>INMACULADA&nbsp;MORALES&nbsp;FARI\u00d1A<\/li><li>ELENA&nbsp;CARRET\u00d3N&nbsp;G\u00d3MEZ<\/li><li>JUAN ALBERTO&nbsp;CORBERA&nbsp;SANCHEZ<\/li><li>MANUEL FRANCISCO&nbsp;MORALES&nbsp;DORESTE<\/li><li>JOS\u00c9 ALBERTO&nbsp;MONTOYA&nbsp;ALONSO<\/li><li>CARLOS JAVIER&nbsp;GUTIERREZ&nbsp;CABRERA<\/li><li>MIGUEL&nbsp;BATISTA&nbsp;ARTEAGA<\/li><li>M TERESA&nbsp;TEJEDOR&nbsp;JUNCO<\/li><li>ALICIA&nbsp;CARO&nbsp;VADILLO<\/li><li>MARGARITA ROSA&nbsp;GONZALEZ&nbsp;MARTIN<\/li><\/ul>\n\n\n\n<h2 class=\"wp-block-heading\" id=\"Osteoporosis\"><strong>iUIBS &#8211; Osteoporosis Mineral<\/strong><\/h2>\n\n\n\n<ul><li>NOEMI VEGA RODRIGUEZ<\/li><li>NIEVES MART\u00cdN \u00c1LAMO<\/li><li>DIEGO&nbsp;HERN\u00c1NDEZ&nbsp;HERN\u00c1NDEZ<\/li><li>CASIMIRA&nbsp;DOM\u00cdNGUEZ&nbsp;CABRERA<\/li><li>MARIA ARANZAZU&nbsp;SANTANA&nbsp;BORBONES<\/li><li>MANUEL JOS\u00c9&nbsp;SOSA&nbsp;HENR\u00cdQUEZ<\/li><li>ESTEBAN&nbsp;P\u00c9REZ&nbsp;ALONSO<\/li><li>JOS\u00c9 MAR\u00cdA&nbsp;LIMI\u00d1ANA&nbsp;CA\u00d1AL<\/li><li>DAVID&nbsp;FERNANDEZ&nbsp;SANMILLAN<\/li><li>MARTIN EDUARDO&nbsp;VILCHEZ&nbsp;BARRERA<\/li><li>MARIO MANUEL&nbsp;VICENTE&nbsp;BARRERO<\/li><\/ul>\n\n\n\n<h2 class=\"wp-block-heading\" id=\"bioquimica\"><strong>iUIBS &#8211; Bioqu\u00edmica Farmacol\u00f3gica<\/strong><\/h2>\n\n\n\n<ul><li>M. ISABEL&nbsp;MARRERO&nbsp;ARENCIBIA<\/li><li>FRANCISCO JAVIER&nbsp;P\u00c9REZ&nbsp;GALV\u00c1N<\/li><li>M EUGENIA PILAR&nbsp;FRESEN&nbsp;CANSINO<\/li><li>HENOC&nbsp;DEL ROSARIO&nbsp;GARC\u00cdA<\/li><li>ESTER GLORIA&nbsp;SAAVEDRA&nbsp;SANTANA<\/li><li>JOS\u00c9 MART\u00cdN&nbsp;QUINTANA&nbsp;AGUIAR<\/li><li>FRANCISCO&nbsp;EST\u00c9VEZ&nbsp;ROSAS<\/li><li>JUAN FRANCISCO&nbsp;LORO&nbsp;FERRER<\/li><li>JUAN JAVIER&nbsp;CABRERA&nbsp;OLIVA<\/li><li>JUAN ANDREZ&nbsp;RAMIREZ&nbsp;GONZALEZ<\/li><li>SARA&nbsp;RUBIO&nbsp;S\u00c1NCHEZ<\/li><li>JUAN&nbsp;PERDOMO&nbsp;D\u00cdAZ<\/li><li>MERCEDES&nbsp;SAID&nbsp;QUINTANA<\/li><\/ul>\n\n\n\n<h2 class=\"wp-block-heading\" id=\"molecular\"><a href=\"https:\/\/www.iuibs.ulpgc.es\/biopharm\" target=\"_blank\" rel=\"noreferrer noopener\"><strong>iUIBS &#8211; Farmacolog\u00eda Molecular y Traslacional &#8211; Biopharm ULPGC<\/strong><\/a><\/h2>\n\n\n\n<ul><li>JOSE M.&nbsp;GARCIA&nbsp;CASTELLANO<\/li><li>AMILCAR&nbsp;FLORES&nbsp;MORALES<\/li><li>LEANDRO FCO.&nbsp;FERNANDEZ&nbsp;PEREZ<\/li><li>JUAN JOSE&nbsp;CABRERA&nbsp;GALVAN<\/li><li>HAIDEE MAGDALENA&nbsp;ARANDA&nbsp;TAVIO<\/li><li>NORBERTO&nbsp;SANTANA&nbsp;RODR\u00cdGUEZ<\/li><li>ELISA&nbsp;BORDON&nbsp;RODRIGUEZ<\/li><li>BERNARDINO&nbsp;CLAVO&nbsp;VARAS<\/li><li>BONIFACIO&nbsp;DIAZ&nbsp;CHICO<\/li><li>JOSE CARLOS&nbsp;RODRIGUEZ&nbsp;GALLEGO<\/li><li>ANTONIO&nbsp;DENIZ&nbsp;CACERES<\/li><li>LAURA&nbsp;RODRIGO&nbsp;GONZALEZ<\/li><li>ANA&nbsp;ESTEVEZ&nbsp;BRAUN<\/li><li>ATANASIO&nbsp;PANDIELLA<\/li><li>JUAN CARLOS&nbsp;DIAZ&nbsp;CHICO<\/li><li>DOMINGO&nbsp;NAVARRO&nbsp;BOSCH<\/li><li>SANTIAGO&nbsp;TORRES&nbsp;CURBELO<\/li><li>CARLOS BORJA&nbsp;GUERRA&nbsp;HERNANDEZ<\/li><li>JAVIER&nbsp;ARAGON&nbsp;SANCHEZ<\/li><li>PATRICIA&nbsp;MARTIN&nbsp;RODRIGUEZ<\/li><li>MERCEDES&nbsp;DE MIRECKI&nbsp;GARRIDO<\/li><li>DIEGO&nbsp;IGLESIAS&nbsp;GATO<\/li><li>MARIO&nbsp;DIAZ&nbsp;GONZALEZ<\/li><li>CARLOTA RECIO CRUZ<\/li><\/ul>\n\n\n\n<h2 class=\"wp-block-heading\" id=\"axonal\"><strong>iUIBS &#8211; Neurogliociencia y Reparaci\u00f3n Axonal<\/strong><\/h2>\n\n\n\n<ul><li>ERNESTO&nbsp;DONCEL<\/li><li>JUAN FRANCISCO&nbsp;ARBELO&nbsp;GALVAN<\/li><li>SUSANA&nbsp;ZAMBRANO&nbsp;CONTI\u00d1AS<\/li><li>JOSE MANUEL&nbsp;PEREZ&nbsp;GALVAN<\/li><li>MAXIMINA&nbsp;MONZON&nbsp;MAYOR<\/li><li>ELENA&nbsp;SANTOS&nbsp;GUTIERREZ<\/li><li>DIRK M&nbsp;LANG<\/li><li>MARIA DEL MAR&nbsp;ROMERO&nbsp;ALEMAN<\/li><li>JOSE ENRIQUE&nbsp;HERNANDEZ&nbsp;RODRIGUEZ<\/li><li>CARMEN&nbsp;YANES&nbsp;MENDEZ<\/li><\/ul>\n\n\n\n<h2 class=\"wp-block-heading\" id=\"fisico\"><strong>iUIBS &#8211; Rendimiento Humano, Ejercicio F\u00edsico y Salud<\/strong><\/h2>\n\n\n\n<ul><li>COVADONGA&nbsp;MATEOS&nbsp;PERDOMO<\/li><li>DAVID&nbsp;CURTELIN<\/li><li>CARMEN&nbsp;ACOSTA&nbsp;CALERO<\/li><li>MARIA&nbsp;LOPEZ&nbsp;QUEVEDO<\/li><li>MARIA&nbsp;FUENTE&nbsp;VALERON<\/li><li>CLAUDIA&nbsp;ARNAS&nbsp;VALERON<\/li><li>ISMAEL&nbsp;PEREZ&nbsp;SUAREZ<\/li><li>ALBERTO&nbsp;PEREZ&nbsp;LOPEZ<\/li><li>JULIE&nbsp;KUX<\/li><li>RAFAEL \u00c1NGEL&nbsp;ARTEAGA&nbsp;ORTIZ<\/li><li>JOSE&nbsp;NAVARRO&nbsp;DE TUERO<\/li><li>JOS\u00c9 ANTONIO&nbsp;L\u00d3PEZ&nbsp;CALBET<\/li><li>JOS\u00c9 ANTONIO&nbsp;SERRANO&nbsp;S\u00c1NCHEZ<\/li><li>JAVIER&nbsp;CHAVARREN&nbsp;CABRERO<\/li><li>JOAQUIN&nbsp;SANCHIS&nbsp;MOYSI<\/li><li>JUAN JOSE&nbsp;GONZALEZ&nbsp;HENRIQUEZ<\/li><li>LOURDES&nbsp;SARMIENTO&nbsp;RAMOS<\/li><li>AMELIA&nbsp;GUADALUPE&nbsp;GRAU<\/li><li>CECILIA&nbsp;DORADO&nbsp;GARC\u00cdA<\/li><li>DAVID&nbsp;MORALES&nbsp;ALAMO<\/li><li>PEDRO LUIS DE&nbsp;PABLOS&nbsp;VELASCO<\/li><li>MARIO&nbsp;PEREZ&nbsp;VALERA<\/li><li>ALFREDO&nbsp;SANTANA&nbsp;RODR\u00cdGUEZ<\/li><li>SARA&nbsp;MART\u00cd&nbsp;TRUJILLO<\/li><li>MARCOS&nbsp;MARTIN&nbsp;RINCON<\/li><li>ALFREDO&nbsp;SANTANA&nbsp;RODRIGUEZ<\/li><li>RAFAEL&nbsp;SANCHES DE TORRES&nbsp;PERALTA<\/li><li>DANIEL&nbsp;LOPEZ&nbsp;FERNANDEZ<\/li><li>PABLO BENITO&nbsp;PEDRIANES&nbsp;MARTIN<\/li><li>IGNACIO&nbsp;GARCIA&nbsp;PUENTE<\/li><li>ROBERT&nbsp;BOUSHEL<\/li><\/ul>\n\n\n\n<h2 class=\"wp-block-heading\" id=\"audiovisual\"><a href=\"https:\/\/mt4sd.ulpgc.es\/\" target=\"_blank\" rel=\"noreferrer noopener\"><strong>iUIBS &#8211; Tecnolog\u00eda M\u00e9dica y Audiovisual<\/strong><\/a><\/h2>\n\n\n\n<ul><li>JUAN RUIZ ALZOLA<\/li><li>MANUEL MAYNAR<\/li><li>MIGUEL \u00c1NGEL RODRIGUEZ-FLORIDO<\/li><li>LUIS DOM\u00cdNGUEZ QUINTANA<\/li><li>NAYRA PUMAR CARRERAS<\/li><li>MAR\u00cdA DOLORES AFONSO SU\u00c1REZ<\/li><li>ASMAA SKAREB<\/li><li>GUILLERMO SOCORRO MARRERO<\/li><li>LUIS L\u00d3PEZ RIVERO<\/li><li>EDUARDO ROVARIS ROMERO<\/li><li>F\u00c1TIMA CASADO MIRAZ<\/li><li>JOS\u00c9 GUILLERMO VIERA SANTANA<\/li><li>JUAN CARLOS HERN\u00c1NDEZ HADDAD<\/li><li>FIDEL CARRERA QUINTERO<\/li><li>JOSE LUIS GONZ\u00c1LEZ MORA<\/li><li>MARCOS ALSO ALVARADO<\/li><li>SERGI BERM\u00daDEZ i BAD\u00cdA<\/li><li>CATALINA RUIZ<\/li><\/ul>\n\n\n\n<h2 class=\"wp-block-heading\" id=\"infecciones1\"><strong>iUIBS &#8211; Estudio del Proceso Infeccioso y sus Agentes Causales<\/strong><\/h2>\n\n\n\n<ul><li>JOS\u00c9 LUIS&nbsp;P\u00c9REZ&nbsp;ARELLANO<\/li><li>OTILIA \u00c9VORA&nbsp;SANTANA&nbsp;RODR\u00cdGUEZ<\/li><li>ANTONIO MANUEL&nbsp;MART\u00cdN&nbsp;S\u00c1NCHEZ<\/li><li>MARGARITA&nbsp;BOLA\u00d1OS&nbsp;RIVERO<\/li><li>ELENA&nbsp;PISOS&nbsp;ALAMO<\/li><li>PILAR MICHELE&nbsp;HERNANDEZ&nbsp;CABRERA<\/li><li>CRISTINA&nbsp;CARRANZA&nbsp;RODRIGUEZ<\/li><li>NIEVES&nbsp;JAEN&nbsp;SANCHEZ<\/li><li>MARIA ARACELI&nbsp;HERNANDEZ&nbsp;BETANCOR<\/li><\/ul>\n\n\n\n<h2 class=\"wp-block-heading\" id=\"patologia\"><strong>iUIBS &#8211; Patolog\u00eda M\u00e9dica<\/strong><\/h2>\n\n\n\n<ul><li>JUAN&nbsp;CABRERA&nbsp;CABRERA<\/li><li>FELIPE CARLOS B.&nbsp;RODRIGUEZ&nbsp;DE CASTRO<\/li><li>JORGE LORENZO FREIXINET GILART<\/li><li>JOS\u00c9&nbsp;BEL\u00d3N&nbsp;LOPEZ-TOMASETY<\/li><li>PEDRO&nbsp;CABRERA&nbsp;NAVARRO<\/li><li>JOSE CARLOS&nbsp;RODRIGUEZ&nbsp;PEREZ<\/li><li>SANTIAGO&nbsp;ISORNA&nbsp;MARTINEZ DE&nbsp; LA RIVA<\/li><li>JOAQUIN&nbsp;MARCHENA&nbsp;G\u00d3MEZ<\/li><li>PEDRO MIGUEL&nbsp;RODR\u00cdGUEZ&nbsp;SU\u00c1REZ<\/li><li>ALICIA&nbsp;CONDE&nbsp;MARTEL<\/li><li>FRANCISCO J.&nbsp;JIMENEZ&nbsp;ACOSTA<\/li><li>TERESA&nbsp;CARRILLO&nbsp;DIAZ<\/li><li>JOSE ANTONIO&nbsp;CAMINERO&nbsp;LUNA<\/li><li>JORGE&nbsp;SOLE&nbsp;VIOLAN<\/li><li>MARISOL&nbsp;CAMPOS&nbsp;HERRERO<\/li><\/ul>\n\n\n\n<h2 class=\"wp-block-heading\" id=\"infecciones2\"><strong>iUIBS &#8211; Infecciosas, Nutricionales e Inflamatorias en Pacientes Hospitalarios<\/strong><\/h2>\n\n\n\n<ul><li>SERGIO&nbsp;RUIZ&nbsp;SANTANA<\/li><li>CARMEN ROSA&nbsp;HERN\u00c1NDEZ&nbsp;SOCORRO<\/li><li>ANTONIO&nbsp;NARANJO&nbsp;HERNANDEZ<\/li><li>JUAN RAMON&nbsp;HERNANDEZ&nbsp;HERNANDEZ<\/li><\/ul>\n\n\n\n<h2 class=\"wp-block-heading\" id=\"medio\"><strong>iUIBS &#8211; Medio Ambiente y Salud<\/strong><\/h2>\n\n\n\n<ul><li>EVA&nbsp;BETANCOR&nbsp;HERNANDEZ<\/li><li>MARIA&nbsp;CAMACHO&nbsp;RODRIGUEZ<\/li><li>NORBERTO&nbsp;RUIZ&nbsp;SUAREZ<\/li><li>ANGEL&nbsp;RODRIGUEZ&nbsp;HERNANDEZ<\/li><li>M. REYES&nbsp;SUAREZ&nbsp;HANNA<\/li><li>RAQUEL&nbsp;CABRERA&nbsp;DIAZ-SAAVEDRA<\/li><li>RUTH&nbsp;CARMENA&nbsp;VIGO<\/li><li>ANA SOFIA&nbsp;FERNANDEZ&nbsp;ARTILES<\/li><li>PEDRO CARLOS&nbsp;LARA&nbsp;JIMENEZ<\/li><li>JOSEFA PILAR&nbsp;FERNANDEZ&nbsp;VALERON<\/li><li>NIEVES GLORIA&nbsp;RODRIGUEZ&nbsp;IBARRA<\/li><li>M. AXILIADORA&nbsp;CABEZON&nbsp;PONS<\/li><li>MARTA&nbsp;LLORET&nbsp;SAEZ-BRAVO<\/li><li>BEATRIZ&nbsp;PINAR&nbsp;SEDE\u00d1O<\/li><li>LUIS MARIA&nbsp;DOMINGUEZ&nbsp;BOADA<\/li><li>MANUEL LUIS&nbsp;ZUMBADO&nbsp;PE\u00d1A<\/li><li>OCTAVIO LUIS&nbsp;PEREZ&nbsp;LUZARDO<\/li><li>JOSE JUAN&nbsp;PESTANO&nbsp;BRITO<\/li><li>LUIS ALBERTO&nbsp;HENRIQUEZ&nbsp;HERNANDEZ<\/li><li>MAIRA DEL PINO&nbsp;ALMEIDA&nbsp;GONZALEZ<\/li><li>PATRICIO&nbsp;NAVARRO&nbsp;MEDINA<\/li><li>FELIX&nbsp;LOPEZ&nbsp;BLANCO<\/li><li>ANTONIO&nbsp;CASTRILLO&nbsp;VIGUERA<\/li><li>CARLOS MANUEL&nbsp;RUIZ&nbsp;DE GALARRETA<\/li><li>GERMAN&nbsp;GALLARDO&nbsp;CAMPOS<\/li><li>CARLOS&nbsp;TABRAUE&nbsp;TARBAY<\/li><li>MOISES&nbsp;GARCIA&nbsp;ARENCIBIA<\/li><li>CRISTINA&nbsp;BILBAO&nbsp;SIEYRO<\/li><li>ENRIQUE&nbsp;CASTRO&nbsp;LOPEZ- TURRELLA<\/li><li>IRENE&nbsp;HERNANDEZ&nbsp;HERNANDEZ<\/li><li>JOSE ANGEL&nbsp;GUILLEN&nbsp;SALGADO<\/li><li>MARIA MERCEDES&nbsp;DIAZ&nbsp;SARMIENTO<\/li><li>VLADIMIR&nbsp;DE LA ROSA&nbsp;MEDINA<\/li><li>ANA&nbsp;RAMON&nbsp;VAZQUEZ<\/li><\/ul>\n\n\n\n<h2 class=\"wp-block-heading\" id=\"biopoetica\"><strong>iUIBS &#8211; Biopo\u00e9tica, Semi\u00f3tica Cognitiva y Neuroest\u00e9tica<\/strong><\/h2>\n\n\n\n<ul><li>JUANA TERESA&nbsp;GUERRA DE LA TORRE<\/li><li>JOS\u00c9 RAM\u00d3N CALVO FERN\u00c1NDEZ<\/li><li>JOS\u00c9 MANUEL CRUZ ORTIZ<\/li><li>JAIME JOS\u00c9 LE\u00d3N GONZ\u00c1LEZ-V\u00c9LEZ<\/li><li>ADAN RAFAEL MART\u00cdN DUE\u00d1AS<\/li><li>MAYTE MORALES SANTOYO<\/li><li>ZAIRA DEL CARMEN SANTANA AMADOR<\/li><li>MARTA SILVERA ROIG<\/li><li>ANA MARGARIDA ABRANTES<\/li><li>KARINA BAKER<\/li><li>LINE BRANDT<\/li><li>PEER&nbsp;BUNDGAARD<\/li><li>LUCIA CORES SARRIA<\/li><li>SERGIO DOMINGUEZ JAEN<\/li><li>AMAR EL ARBAOUI JELOULI<\/li><li>MICHAL G\u00d3RAL<\/li><li>LINDA M. HENRIKSSON<\/li><li>MAGDALENA JUAN RIJO<\/li><li>CATHRINE KIETZ<\/li><li>MARIA DEL PILAR LEMA QUINTANA<\/li><li>JUAN JOS\u00c9 MART\u00cdNEZ RODR\u00cdGUEZ<\/li><li>FERNANDO MASEDA GARCIA<\/li><li>JUAN OLVIDO PEREA&nbsp;GARCIA<\/li><li>CHRISTOPHER SINHA<\/li><\/ul>\n\n\n\n<h2 class=\"wp-block-heading\" id=\"se\u00f1al\"><strong>iUIBS &#8211; Se\u00f1alizaci\u00f3n Intracelular y Expresi\u00f3n G\u00e9nica<\/strong><\/h2>\n\n\n\n<ul><li>LUISA FERNANDA&nbsp;RODRIGUEZ&nbsp;FANJUL<\/li><li>MARIA DEL PINO&nbsp;SANTANA&nbsp;DELGADO<\/li><li>IGNACIO&nbsp;SANTANA&nbsp;ROBAYNA<\/li><li>INMACULADA SERVANDA&nbsp;HERNANDEZ&nbsp;GONZALEZ<\/li><\/ul>\n\n\n\n<h2 class=\"wp-block-heading\" id=\"diabetes\"><a href=\"https:\/\/www.iuibs.ulpgc.es\/endocrinologia\" target=\"_blank\" rel=\"noreferrer noopener\"><strong>iUIBS &#8211; Diabetes y Endocrinolog\u00eda<\/strong><\/a><\/h2>\n\n\n\n<ul><li>ANA&nbsp;EXPOSITO&nbsp;MONTESDEOCA<\/li><li>ANA&nbsp;SANCHEZ&nbsp;DE ABAJO<\/li><li>MIGUEL&nbsp;ANDUJAR&nbsp;SANCHEZ<\/li><li>FRANCISCO&nbsp;NOVOA&nbsp;MOGOLLON<\/li><li>RICARDO&nbsp;CHIRINO&nbsp;GODOY<\/li><li>MAURO&nbsp;BORONAT&nbsp;CORTES<\/li><li>ANNA MARIA CLAUDIA&nbsp;W\u00c4GNER<\/li><li>CARLOS&nbsp;MELIAN&nbsp;LIMI\u00d1ANA<\/li><li>YERAY&nbsp;BRITO&nbsp;CASILLAS<\/li><li>PASCUAL&nbsp;LORENTE&nbsp;ARENCIBIA<\/li><li>MARIA DEL PINO&nbsp;ALBERICHE&nbsp;RUANO<\/li><li>YAIZA&nbsp;LOPEZ&nbsp;PLASENCIA<\/li><li>ARMANDO&nbsp;CARRILLO&nbsp;DOMINGUEZ<\/li><li>DACIL&nbsp;ALVARADO&nbsp;MARTEL<\/li><li>PALOMA&nbsp;GARAY&nbsp;SANCHEZ<\/li><li>ROSA MARIA&nbsp;SANCHEZ&nbsp;HERNANDEZ<\/li><li>ANTONIO&nbsp;TUGORES&nbsp;C\u00c9STER<\/li><li>DIONISIO LORENZO&nbsp;LORENZO&nbsp;VILLEGAS<\/li><li>BEGO\u00d1A&nbsp;VEGA&nbsp;GUEDES<\/li><li>DANIEL&nbsp;GONZALEZ&nbsp;GARCIA-CANO<\/li><li>SUSANA&nbsp;BECEIRO&nbsp;CASAS<\/li><li>LAURA&nbsp;PEREZ&nbsp;L\u00d3PEZ<\/li><li>MARTA&nbsp;ARMAS&nbsp;ROCA<\/li><\/ul>\n\n\n","protected":false},"excerpt":{"rendered":"<p>El Instituto Universitario de Investigaci\u00f3n en Ciencias Biom\u00e9dicas y Sanitarias (IUIBS) de la Universidad de Las Palmas de Gran Canaria se ha creado con el objetivo de reunir investigadoras\/es, programas de investigaci\u00f3n, docencia de postgrado, recursos econ\u00f3micos y medios instrumentales suficientes para buscar el avance del conocimiento, el desarrollo y la innovaci\u00f3n en Biomedicina y [&hellip;]<\/p>\n","protected":false},"author":1,"featured_media":0,"parent":0,"menu_order":1,"comment_status":"closed","ping_status":"closed","template":"","meta":{"jetpack_post_was_ever_published":false,"footnotes":""},"jetpack-related-posts":[],"_links":{"self":[{"href":"https:\/\/www.iuibs.ulpgc.es\/web-grupos\/wp-json\/wp\/v2\/pages\/76"}],"collection":[{"href":"https:\/\/www.iuibs.ulpgc.es\/web-grupos\/wp-json\/wp\/v2\/pages"}],"about":[{"href":"https:\/\/www.iuibs.ulpgc.es\/web-grupos\/wp-json\/wp\/v2\/types\/page"}],"author":[{"embeddable":true,"href":"https:\/\/www.iuibs.ulpgc.es\/web-grupos\/wp-json\/wp\/v2\/users\/1"}],"replies":[{"embeddable":true,"href":"https:\/\/www.iuibs.ulpgc.es\/web-grupos\/wp-json\/wp\/v2\/comments?post=76"}],"version-history":[{"count":169,"href":"https:\/\/www.iuibs.ulpgc.es\/web-grupos\/wp-json\/wp\/v2\/pages\/76\/revisions"}],"predecessor-version":[{"id":1699,"href":"https:\/\/www.iuibs.ulpgc.es\/web-grupos\/wp-json\/wp\/v2\/pages\/76\/revisions\/1699"}],"wp:attachment":[{"href":"https:\/\/www.iuibs.ulpgc.es\/web-grupos\/wp-json\/wp\/v2\/media?parent=76"}],"curies":[{"name":"wp","href":"https:\/\/api.w.org\/{rel}","templated":true}]}}